{"id":3673,"date":"2021-05-27T09:11:54","date_gmt":"2021-05-27T09:11:54","guid":{"rendered":"https:\/\/staging.liquid-themes.com\/lawyer\/?page_id=3673"},"modified":"2025-02-21T14:30:06","modified_gmt":"2025-02-21T11:30:06","slug":"mevlutaltuntas","status":"publish","type":"page","link":"https:\/\/papirusymm.com\/index.php\/mevlutaltuntas\/","title":{"rendered":"Mevl\u00fct Altunta\u015f"},"content":{"rendered":"\t\t<div data-elementor-type=\"wp-page\" data-elementor-id=\"3673\" class=\"elementor elementor-3673\" data-elementor-post-type=\"page\">\n\t\t\t\t\t\t<section class=\"elementor-section elementor-top-section elementor-element elementor-element-0fbb83a elementor-reverse-tablet elementor-reverse-mobile elementor-hidden-tablet elementor-hidden-mobile elementor-section-boxed elementor-section-height-default elementor-section-height-default\" data-id=\"0fbb83a\" data-element_type=\"section\" data-e-type=\"section\">\n\t\t\t\t\t\t<div class=\"elementor-container elementor-column-gap-default\">\n\t\t\t\t\t<div class=\"elementor-column elementor-col-50 elementor-top-column elementor-element elementor-element-52c6f2a\" data-id=\"52c6f2a\" data-element_type=\"column\" data-e-type=\"column\">\n\t\t\t<div class=\"elementor-widget-wrap elementor-element-populated\">\n\t\t\t\t\t\t<div class=\"elementor-element elementor-element-0a27d86 elementor-widget elementor-widget-ld_fancy_image\" data-id=\"0a27d86\" data-element_type=\"widget\" data-e-type=\"widget\" data-widget_type=\"ld_fancy_image.default\">\n\t\t\t\t<div class=\"elementor-widget-container\">\n\t\t\t\t\t\n\t\t<div class=\"lqd-imggrp-single d-block pos-rel \">\n\t\t\t<div class=\"lqd-imggrp-img-container d-inline-flex pos-rel align-items-center justify-content-center \">\n\t\t\t\t\t\t\t\t<figure class=\"w-100 pos-rel\">\n\t\t\t\t\t<img fetchpriority=\"high\" decoding=\"async\" width=\"4160\" height=\"6240\" src=\"https:\/\/papirusymm.com\/wp-content\/uploads\/2025\/02\/mevlutaltuntas.webp\" class=\"attachment-full size-full wp-image-5017\" alt=\"Mevl\u00fct Altunta\u015f&#039;\u0131n foto\u011fraf\u0131\" srcset=\"https:\/\/papirusymm.com\/wp-content\/uploads\/2025\/02\/mevlutaltuntas.webp 4160w, https:\/\/papirusymm.com\/wp-content\/uploads\/2025\/02\/mevlutaltuntas-200x300.webp 200w, https:\/\/papirusymm.com\/wp-content\/uploads\/2025\/02\/mevlutaltuntas-683x1024.webp 683w, https:\/\/papirusymm.com\/wp-content\/uploads\/2025\/02\/mevlutaltuntas-1024x1536.webp 1024w, https:\/\/papirusymm.com\/wp-content\/uploads\/2025\/02\/mevlutaltuntas-1365x2048.webp 1365w\" sizes=\"(max-width: 4160px) 100vw, 4160px\" itemprop=\"image\" \/>\t\t\t\t\t\t\t\t\t\t\t\t\t\t\t\t\t\t\t\t\t\t\t\t\t\t\t\t\t<\/figure>\n\t\t\t<\/div>\n\t\t<\/div>\n\n\t\t\t\t\t<\/div>\n\t\t\t\t<\/div>\n\t\t\t\t\t<\/div>\n\t\t<\/div>\n\t\t\t\t<div class=\"lqd-css-sticky-column elementor-column elementor-col-50 elementor-top-column elementor-element elementor-element-112f008\" style=\"--lqd-sticky-offset:20px\" data-id=\"112f008\" data-element_type=\"column\" data-e-type=\"column\">\n\t\t\t<div class=\"elementor-widget-wrap elementor-element-populated\">\n\t\t\t\t\t\t<div class=\"elementor-element elementor-element-41d8349 elementor-widget elementor-widget-hub_fancy_heading\" data-id=\"41d8349\" data-element_type=\"widget\" data-e-type=\"widget\" data-widget_type=\"hub_fancy_heading.default\">\n\t\t\t\t<div class=\"elementor-widget-container\">\n\t\t\t\t\t\n\t\t<div id=\"ld-fancy-heading-69e37f4ee9ca2\" class=\"ld-fancy-heading pos-rel\">\n\t\t\t<h2 class=\"ld-fh-element d-inline-block pos-rel  elementor-heading-title lqd-highlight-classic lqd-highlight-grow-left h2\"  > Mevl\u00fct ALTUNTA\u015e<\/h2>\t\t<\/div>\n\n\t\t\t\t\t\t<\/div>\n\t\t\t\t<\/div>\n\t\t\t\t<div class=\"elementor-element elementor-element-09a69b5 elementor-widget elementor-widget-hub_fancy_heading\" data-id=\"09a69b5\" data-element_type=\"widget\" data-e-type=\"widget\" data-widget_type=\"hub_fancy_heading.default\">\n\t\t\t\t<div class=\"elementor-widget-container\">\n\t\t\t\t\t\n\t\t<div id=\"ld-fancy-heading-69e37f4eea9b0\" class=\"ld-fancy-heading pos-rel\">\n\t\t\t<p class=\"ld-fh-element d-inline-block pos-rel  lqd-highlight-classic lqd-highlight-grow-left p\"  > 2020 y\u0131l\u0131 sonundan bu yana K\u0131nay Denetim ve Dan\u0131\u015fmanl\u0131kta Vergi Direkt\u00f6r\u00fc olarak g\u00f6revini yapmaktad\u0131r. <br><br>\n\u00d6nceki d\u00f6nemlerde kamu kurumlar\u0131nda 8 y\u0131l boyunca farkl\u0131 g\u00f6revler s\u00fcrd\u00fcrm\u00fc\u015f ve ard\u0131ndan deneyim ve birikimlerini bir araya getirerek \u00f6zel sekt\u00f6rdeki kurulu\u015flara \u00e7\u00f6z\u00fcmler yaratmaya ba\u015flam\u0131\u015ft\u0131r.\n<br><br>\n\nDaha \u00f6nceleri g\u00f6revini Sosyal G\u00fcvenlik Denetmeni ve Maliye Bakanl\u0131\u011f\u0131 M\u00fcfetti\u015fi olarak y\u00fcr\u00fctm\u00fc\u015ft\u00fcr.\n<br><br>\n\nUzman\u0131 oldu\u011fu ba\u015fl\u0131ca konular: \u015eirketlerin Mali Disiplin S\u00fcre\u00e7lerinin Y\u00f6netilmesi, Finansal Y\u00f6netim S\u00fcre\u00e7lerinin Geli\u015ftirilmesi.\n\n2023 y\u0131l\u0131nda Papir\u00fcs\u2019 \u00fc kurup, Yeminli Mali M\u00fc\u015favir olarak hizmete devam etmektedir.\n<br><br>\nAltunta\u015f, Dokuz Eyl\u00fcl \u00dcniversitesi Ekonometri B\u00f6l\u00fcm\u00fc mezunudur.<br>\n<\/p>\t\t<\/div>\n\n\t\t\t\t\t\t<\/div>\n\t\t\t\t<\/div>\n\t\t\t\t<section class=\"elementor-section elementor-inner-section elementor-element elementor-element-b4d131d elementor-section-boxed elementor-section-height-default elementor-section-height-default\" data-id=\"b4d131d\" data-element_type=\"section\" data-e-type=\"section\">\n\t\t\t\t\t\t<div class=\"elementor-container elementor-column-gap-default\">\n\t\t\t\t\t<div class=\"elementor-column elementor-col-100 elementor-inner-column elementor-element elementor-element-7f49ea2\" data-id=\"7f49ea2\" data-element_type=\"column\" data-e-type=\"column\">\n\t\t\t<div class=\"elementor-widget-wrap elementor-element-populated\">\n\t\t\t\t\t\t<div class=\"elementor-element elementor-element-dd1b205 elementor-widget elementor-widget-hub_fancy_heading\" data-id=\"dd1b205\" data-element_type=\"widget\" data-e-type=\"widget\" data-widget_type=\"hub_fancy_heading.default\">\n\t\t\t\t<div class=\"elementor-widget-container\">\n\t\t\t\t\t\n\t\t<div id=\"ld-fancy-heading-69e37f4eeb5f4\" class=\"ld-fancy-heading pos-rel\">\n\t\t\t<h6 class=\"ld-fh-element d-inline-block pos-rel  elementor-heading-title lqd-highlight-classic lqd-highlight-grow-left h6\"  > \u0130LET\u0130\u015e\u0130ME GE\u00c7<\/h6>\t\t<\/div>\n\n\t\t\t\t\t\t<\/div>\n\t\t\t\t<\/div>\n\t\t\t\t\t<\/div>\n\t\t<\/div>\n\t\t\t\t\t<\/div>\n\t\t<\/section>\n\t\t\t\t<section class=\"elementor-section elementor-inner-section elementor-element elementor-element-89c0f1e elementor-section-boxed elementor-section-height-default elementor-section-height-default\" data-id=\"89c0f1e\" data-element_type=\"section\" data-e-type=\"section\" data-settings=\"{&quot;background_background&quot;:&quot;classic&quot;}\">\n\t\t\t\t\t\t<div class=\"elementor-container elementor-column-gap-default\">\n\t\t\t\t\t<div class=\"elementor-column elementor-col-100 elementor-inner-column elementor-element elementor-element-9ec9965\" data-id=\"9ec9965\" data-element_type=\"column\" data-e-type=\"column\">\n\t\t\t<div class=\"elementor-widget-wrap elementor-element-populated\">\n\t\t\t\t\t\t<div class=\"elementor-element elementor-element-2748075 elementor-widget elementor-widget-hub_fancy_heading\" data-id=\"2748075\" data-element_type=\"widget\" data-e-type=\"widget\" data-widget_type=\"hub_fancy_heading.default\">\n\t\t\t\t<div class=\"elementor-widget-container\">\n\t\t\t\t\t\n\t\t<div id=\"ld-fancy-heading-69e37f4eec4a3\" class=\"ld-fancy-heading pos-rel\">\n\t\t\t<h5 class=\"ld-fh-element d-inline-block pos-rel  elementor-heading-title lqd-highlight-classic lqd-highlight-grow-left h5\"  > mevlut.altuntas@papirusymm.com<\/h5>\t\t<\/div>\n\n\t\t\t\t\t\t<\/div>\n\t\t\t\t<\/div>\n\t\t\t\t\t<\/div>\n\t\t<\/div>\n\t\t\t\t\t<\/div>\n\t\t<\/section>\n\t\t\t\t\t<\/div>\n\t\t<\/div>\n\t\t\t\t\t<\/div>\n\t\t<\/section>\n\t\t\t\t<section class=\"elementor-section elementor-top-section elementor-element elementor-element-d0dce39 elementor-reverse-tablet elementor-reverse-mobile elementor-hidden-desktop elementor-section-boxed elementor-section-height-default elementor-section-height-default\" data-id=\"d0dce39\" data-element_type=\"section\" data-e-type=\"section\">\n\t\t\t\t\t\t<div class=\"elementor-container elementor-column-gap-default\">\n\t\t\t\t\t<div class=\"lqd-css-sticky-column elementor-column elementor-col-100 elementor-top-column elementor-element elementor-element-197b3da\" style=\"--lqd-sticky-offset:20px\" data-id=\"197b3da\" data-element_type=\"column\" data-e-type=\"column\">\n\t\t\t<div class=\"elementor-widget-wrap elementor-element-populated\">\n\t\t\t\t<div class=\"elementor-element elementor-element-2f3131c e-con-full e-flex e-con e-child\" data-id=\"2f3131c\" data-element_type=\"container\" data-e-type=\"container\" data-settings=\"{&quot;background_background&quot;:&quot;classic&quot;}\">\n\t\t<div class=\"elementor-element elementor-element-0bd47b9 e-con-full e-flex e-con e-child\" data-id=\"0bd47b9\" data-element_type=\"container\" data-e-type=\"container\" data-settings=\"{&quot;background_background&quot;:&quot;classic&quot;}\">\n\t\t\t\t<\/div>\n\t\t\t\t<div class=\"elementor-element elementor-element-de5c5b9 elementor-widget elementor-widget-hub_fancy_heading\" data-id=\"de5c5b9\" data-element_type=\"widget\" data-e-type=\"widget\" data-widget_type=\"hub_fancy_heading.default\">\n\t\t\t\t<div class=\"elementor-widget-container\">\n\t\t\t\t\t\n\t\t<div id=\"ld-fancy-heading-69e37f4eeda58\" class=\"ld-fancy-heading pos-rel\">\n\t\t\t<h2 class=\"ld-fh-element d-inline-block pos-rel  elementor-heading-title lqd-highlight-classic lqd-highlight-grow-left h2\"  > Mevl\u00fct ALTUNTA\u015e<\/h2>\t\t<\/div>\n\n\t\t\t\t\t\t<\/div>\n\t\t\t\t<\/div>\n\t\t\t\t<div class=\"elementor-element elementor-element-e7fd0b6 elementor-widget elementor-widget-heading\" data-id=\"e7fd0b6\" data-element_type=\"widget\" data-e-type=\"widget\" data-widget_type=\"heading.default\">\n\t\t\t\t<div class=\"elementor-widget-container\">\n\t\t\t\t\t<h5 class=\"elementor-heading-title elementor-size-default\">mevlut.altuntas@papirusymm.com<\/h5>\t\t\t\t<\/div>\n\t\t\t\t<\/div>\n\t\t\t\t<div class=\"elementor-element elementor-element-9089cbc elementor-widget elementor-widget-hub_fancy_heading\" data-id=\"9089cbc\" data-element_type=\"widget\" data-e-type=\"widget\" data-widget_type=\"hub_fancy_heading.default\">\n\t\t\t\t<div class=\"elementor-widget-container\">\n\t\t\t\t\t\n\t\t<div id=\"ld-fancy-heading-69e37f4eeeee4\" class=\"ld-fancy-heading pos-rel\">\n\t\t\t<p class=\"ld-fh-element d-inline-block pos-rel  lqd-highlight-classic lqd-highlight-grow-left p\"  > 2020 y\u0131l\u0131 sonundan bu yana K\u0131nay Denetim ve Dan\u0131\u015fmanl\u0131kta Vergi Direkt\u00f6r\u00fc olarak g\u00f6revini yapmaktad\u0131r. <br><br>\n\u00d6nceki d\u00f6nemlerde kamu kurumlar\u0131nda 8 y\u0131l boyunca farkl\u0131 g\u00f6revler s\u00fcrd\u00fcrm\u00fc\u015f ve ard\u0131ndan deneyim ve birikimlerini bir araya getirerek \u00f6zel sekt\u00f6rdeki kurulu\u015flara \u00e7\u00f6z\u00fcmler yaratmaya ba\u015flam\u0131\u015ft\u0131r.\n<br><br>\n\nDaha \u00f6nceleri g\u00f6revini Sosyal G\u00fcvenlik Denetmeni ve Maliye Bakanl\u0131\u011f\u0131 M\u00fcfetti\u015fi olarak y\u00fcr\u00fctm\u00fc\u015ft\u00fcr.\n<br><br>\n\nUzman\u0131 oldu\u011fu ba\u015fl\u0131ca konular: \u015eirketlerin Mali Disiplin S\u00fcre\u00e7lerinin Y\u00f6netilmesi, Finansal Y\u00f6netim S\u00fcre\u00e7lerinin Geli\u015ftirilmesi.\n\n2023 y\u0131l\u0131nda Papir\u00fcs\u2019 \u00fc kurup, Yeminli Mali M\u00fc\u015favir olarak hizmete devam etmektedir.\n<br><br>\nAltunta\u015f, Dokuz Eyl\u00fcl \u00dcniversitesi Ekonometri B\u00f6l\u00fcm\u00fc mezunudur.<\/p>\t\t<\/div>\n\n\t\t\t\t\t\t<\/div>\n\t\t\t\t<\/div>\n\t\t\t\t<\/div>\n\t\t\t\t\t<\/div>\n\t\t<\/div>\n\t\t\t\t\t<\/div>\n\t\t<\/section>\n\t\t\t\t<\/div>\n\t\t","protected":false},"excerpt":{"rendered":"<p>Mevl\u00fct ALTUNTA\u015e 2020 y\u0131l\u0131 sonundan bu yana K\u0131nay Denetim ve Dan\u0131\u015fmanl\u0131kta Vergi Direkt\u00f6r\u00fc olarak g\u00f6revini yapmaktad\u0131r. \u00d6nceki d\u00f6nemlerde kamu kurumlar\u0131nda 8 y\u0131l boyunca farkl\u0131 g\u00f6revler s\u00fcrd\u00fcrm\u00fc\u015f ve ard\u0131ndan deneyim ve birikimlerini bir araya getirerek \u00f6zel sekt\u00f6rdeki kurulu\u015flara \u00e7\u00f6z\u00fcmler yaratmaya ba\u015flam\u0131\u015ft\u0131r. Daha \u00f6nceleri g\u00f6revini Sosyal G\u00fcvenlik Denetmeni ve Maliye Bakanl\u0131\u011f\u0131 M\u00fcfetti\u015fi olarak y\u00fcr\u00fctm\u00fc\u015ft\u00fcr. Uzman\u0131 oldu\u011fu ba\u015fl\u0131ca [&hellip;]<\/p>\n","protected":false},"author":1,"featured_media":0,"parent":0,"menu_order":2,"comment_status":"closed","ping_status":"closed","template":"","meta":{"footnotes":""},"class_list":["post-3673","page","type-page","status-publish","hentry"],"yoast_head":"<!-- This site is optimized with the Yoast SEO plugin v27.0 - https:\/\/yoast.com\/product\/yoast-seo-wordpress\/ -->\n<title>Mevl\u00fct Altunta\u015f - Papir\u00fcs YMM<\/title>\n<meta name=\"robots\" content=\"index, follow, max-snippet:-1, max-image-preview:large, max-video-preview:-1\" \/>\n<link rel=\"canonical\" href=\"https:\/\/papirusymm.com\/index.php\/mevlutaltuntas\/\" \/>\n<meta property=\"og:locale\" content=\"tr_TR\" \/>\n<meta property=\"og:type\" content=\"article\" \/>\n<meta property=\"og:title\" content=\"Mevl\u00fct Altunta\u015f - Papir\u00fcs YMM\" \/>\n<meta property=\"og:description\" content=\"Mevl\u00fct ALTUNTA\u015e 2020 y\u0131l\u0131 sonundan bu yana K\u0131nay Denetim ve Dan\u0131\u015fmanl\u0131kta Vergi Direkt\u00f6r\u00fc olarak g\u00f6revini yapmaktad\u0131r. \u00d6nceki d\u00f6nemlerde kamu kurumlar\u0131nda 8 y\u0131l boyunca farkl\u0131 g\u00f6revler s\u00fcrd\u00fcrm\u00fc\u015f ve ard\u0131ndan deneyim ve birikimlerini bir araya getirerek \u00f6zel sekt\u00f6rdeki kurulu\u015flara \u00e7\u00f6z\u00fcmler yaratmaya ba\u015flam\u0131\u015ft\u0131r. Daha \u00f6nceleri g\u00f6revini Sosyal G\u00fcvenlik Denetmeni ve Maliye Bakanl\u0131\u011f\u0131 M\u00fcfetti\u015fi olarak y\u00fcr\u00fctm\u00fc\u015ft\u00fcr. Uzman\u0131 oldu\u011fu ba\u015fl\u0131ca [&hellip;]\" \/>\n<meta property=\"og:url\" content=\"https:\/\/papirusymm.com\/index.php\/mevlutaltuntas\/\" \/>\n<meta property=\"og:site_name\" content=\"Papir\u00fcs YMM\" \/>\n<meta property=\"article:modified_time\" content=\"2025-02-21T11:30:06+00:00\" \/>\n<meta property=\"og:image\" content=\"https:\/\/papirusymm.com\/wp-content\/uploads\/2025\/02\/mevlutaltuntas.webp\" \/>\n\t<meta property=\"og:image:width\" content=\"4160\" \/>\n\t<meta property=\"og:image:height\" content=\"6240\" \/>\n\t<meta property=\"og:image:type\" content=\"image\/webp\" \/>\n<meta name=\"twitter:card\" content=\"summary_large_image\" \/>\n<meta name=\"twitter:label1\" content=\"Tahmini okuma s\u00fcresi\" \/>\n\t<meta name=\"twitter:data1\" content=\"2 dakika\" \/>\n<script type=\"application\/ld+json\" class=\"yoast-schema-graph\">{\"@context\":\"https:\/\/schema.org\",\"@graph\":[{\"@type\":\"WebPage\",\"@id\":\"https:\/\/papirusymm.com\/index.php\/mevlutaltuntas\/\",\"url\":\"https:\/\/papirusymm.com\/index.php\/mevlutaltuntas\/\",\"name\":\"Mevl\u00fct Altunta\u015f - Papir\u00fcs YMM\",\"isPartOf\":{\"@id\":\"https:\/\/papirusymm.com\/#website\"},\"primaryImageOfPage\":{\"@id\":\"https:\/\/papirusymm.com\/index.php\/mevlutaltuntas\/#primaryimage\"},\"image\":{\"@id\":\"https:\/\/papirusymm.com\/index.php\/mevlutaltuntas\/#primaryimage\"},\"thumbnailUrl\":\"https:\/\/papirusymm.com\/wp-content\/uploads\/2025\/02\/mevlutaltuntas.webp\",\"datePublished\":\"2021-05-27T09:11:54+00:00\",\"dateModified\":\"2025-02-21T11:30:06+00:00\",\"breadcrumb\":{\"@id\":\"https:\/\/papirusymm.com\/index.php\/mevlutaltuntas\/#breadcrumb\"},\"inLanguage\":\"tr\",\"potentialAction\":[{\"@type\":\"ReadAction\",\"target\":[\"https:\/\/papirusymm.com\/index.php\/mevlutaltuntas\/\"]}]},{\"@type\":\"ImageObject\",\"inLanguage\":\"tr\",\"@id\":\"https:\/\/papirusymm.com\/index.php\/mevlutaltuntas\/#primaryimage\",\"url\":\"https:\/\/papirusymm.com\/wp-content\/uploads\/2025\/02\/mevlutaltuntas.webp\",\"contentUrl\":\"https:\/\/papirusymm.com\/wp-content\/uploads\/2025\/02\/mevlutaltuntas.webp\",\"width\":4160,\"height\":6240,\"caption\":\"Mevl\u00fct Altunta\u015f'\u0131n foto\u011fraf\u0131\"},{\"@type\":\"BreadcrumbList\",\"@id\":\"https:\/\/papirusymm.com\/index.php\/mevlutaltuntas\/#breadcrumb\",\"itemListElement\":[{\"@type\":\"ListItem\",\"position\":1,\"name\":\"Anasayfa\",\"item\":\"https:\/\/papirusymm.com\/\"},{\"@type\":\"ListItem\",\"position\":2,\"name\":\"Mevl\u00fct Altunta\u015f\"}]},{\"@type\":\"WebSite\",\"@id\":\"https:\/\/papirusymm.com\/#website\",\"url\":\"https:\/\/papirusymm.com\/\",\"name\":\"Papir\u00fcs YMM\",\"description\":\"Papir\u00fcs Yeminli Mali M\u00fc\u015favirlik A\u015e\",\"publisher\":{\"@id\":\"https:\/\/papirusymm.com\/#organization\"},\"potentialAction\":[{\"@type\":\"SearchAction\",\"target\":{\"@type\":\"EntryPoint\",\"urlTemplate\":\"https:\/\/papirusymm.com\/?s={search_term_string}\"},\"query-input\":{\"@type\":\"PropertyValueSpecification\",\"valueRequired\":true,\"valueName\":\"search_term_string\"}}],\"inLanguage\":\"tr\"},{\"@type\":\"Organization\",\"@id\":\"https:\/\/papirusymm.com\/#organization\",\"name\":\"Papir\u00fcs Yeminli Mali M\u00fc\u015favirlik\",\"url\":\"https:\/\/papirusymm.com\/\",\"logo\":{\"@type\":\"ImageObject\",\"inLanguage\":\"tr\",\"@id\":\"https:\/\/papirusymm.com\/#\/schema\/logo\/image\/\",\"url\":\"https:\/\/papirusymm.com\/wp-content\/uploads\/2025\/02\/cropped-site-id.png\",\"contentUrl\":\"https:\/\/papirusymm.com\/wp-content\/uploads\/2025\/02\/cropped-site-id.png\",\"width\":512,\"height\":512,\"caption\":\"Papir\u00fcs Yeminli Mali M\u00fc\u015favirlik\"},\"image\":{\"@id\":\"https:\/\/papirusymm.com\/#\/schema\/logo\/image\/\"}}]}<\/script>\n<!-- \/ Yoast SEO plugin. -->","yoast_head_json":{"title":"Mevl\u00fct Altunta\u015f - Papir\u00fcs YMM","robots":{"index":"index","follow":"follow","max-snippet":"max-snippet:-1","max-image-preview":"max-image-preview:large","max-video-preview":"max-video-preview:-1"},"canonical":"https:\/\/papirusymm.com\/index.php\/mevlutaltuntas\/","og_locale":"tr_TR","og_type":"article","og_title":"Mevl\u00fct Altunta\u015f - Papir\u00fcs YMM","og_description":"Mevl\u00fct ALTUNTA\u015e 2020 y\u0131l\u0131 sonundan bu yana K\u0131nay Denetim ve Dan\u0131\u015fmanl\u0131kta Vergi Direkt\u00f6r\u00fc olarak g\u00f6revini yapmaktad\u0131r. \u00d6nceki d\u00f6nemlerde kamu kurumlar\u0131nda 8 y\u0131l boyunca farkl\u0131 g\u00f6revler s\u00fcrd\u00fcrm\u00fc\u015f ve ard\u0131ndan deneyim ve birikimlerini bir araya getirerek \u00f6zel sekt\u00f6rdeki kurulu\u015flara \u00e7\u00f6z\u00fcmler yaratmaya ba\u015flam\u0131\u015ft\u0131r. Daha \u00f6nceleri g\u00f6revini Sosyal G\u00fcvenlik Denetmeni ve Maliye Bakanl\u0131\u011f\u0131 M\u00fcfetti\u015fi olarak y\u00fcr\u00fctm\u00fc\u015ft\u00fcr. Uzman\u0131 oldu\u011fu ba\u015fl\u0131ca [&hellip;]","og_url":"https:\/\/papirusymm.com\/index.php\/mevlutaltuntas\/","og_site_name":"Papir\u00fcs YMM","article_modified_time":"2025-02-21T11:30:06+00:00","og_image":[{"width":4160,"height":6240,"url":"https:\/\/papirusymm.com\/wp-content\/uploads\/2025\/02\/mevlutaltuntas.webp","type":"image\/webp"}],"twitter_card":"summary_large_image","twitter_misc":{"Tahmini okuma s\u00fcresi":"2 dakika"},"schema":{"@context":"https:\/\/schema.org","@graph":[{"@type":"WebPage","@id":"https:\/\/papirusymm.com\/index.php\/mevlutaltuntas\/","url":"https:\/\/papirusymm.com\/index.php\/mevlutaltuntas\/","name":"Mevl\u00fct Altunta\u015f - Papir\u00fcs YMM","isPartOf":{"@id":"https:\/\/papirusymm.com\/#website"},"primaryImageOfPage":{"@id":"https:\/\/papirusymm.com\/index.php\/mevlutaltuntas\/#primaryimage"},"image":{"@id":"https:\/\/papirusymm.com\/index.php\/mevlutaltuntas\/#primaryimage"},"thumbnailUrl":"https:\/\/papirusymm.com\/wp-content\/uploads\/2025\/02\/mevlutaltuntas.webp","datePublished":"2021-05-27T09:11:54+00:00","dateModified":"2025-02-21T11:30:06+00:00","breadcrumb":{"@id":"https:\/\/papirusymm.com\/index.php\/mevlutaltuntas\/#breadcrumb"},"inLanguage":"tr","potentialAction":[{"@type":"ReadAction","target":["https:\/\/papirusymm.com\/index.php\/mevlutaltuntas\/"]}]},{"@type":"ImageObject","inLanguage":"tr","@id":"https:\/\/papirusymm.com\/index.php\/mevlutaltuntas\/#primaryimage","url":"https:\/\/papirusymm.com\/wp-content\/uploads\/2025\/02\/mevlutaltuntas.webp","contentUrl":"https:\/\/papirusymm.com\/wp-content\/uploads\/2025\/02\/mevlutaltuntas.webp","width":4160,"height":6240,"caption":"Mevl\u00fct Altunta\u015f'\u0131n foto\u011fraf\u0131"},{"@type":"BreadcrumbList","@id":"https:\/\/papirusymm.com\/index.php\/mevlutaltuntas\/#breadcrumb","itemListElement":[{"@type":"ListItem","position":1,"name":"Anasayfa","item":"https:\/\/papirusymm.com\/"},{"@type":"ListItem","position":2,"name":"Mevl\u00fct Altunta\u015f"}]},{"@type":"WebSite","@id":"https:\/\/papirusymm.com\/#website","url":"https:\/\/papirusymm.com\/","name":"Papir\u00fcs YMM","description":"Papir\u00fcs Yeminli Mali M\u00fc\u015favirlik A\u015e","publisher":{"@id":"https:\/\/papirusymm.com\/#organization"},"potentialAction":[{"@type":"SearchAction","target":{"@type":"EntryPoint","urlTemplate":"https:\/\/papirusymm.com\/?s={search_term_string}"},"query-input":{"@type":"PropertyValueSpecification","valueRequired":true,"valueName":"search_term_string"}}],"inLanguage":"tr"},{"@type":"Organization","@id":"https:\/\/papirusymm.com\/#organization","name":"Papir\u00fcs Yeminli Mali M\u00fc\u015favirlik","url":"https:\/\/papirusymm.com\/","logo":{"@type":"ImageObject","inLanguage":"tr","@id":"https:\/\/papirusymm.com\/#\/schema\/logo\/image\/","url":"https:\/\/papirusymm.com\/wp-content\/uploads\/2025\/02\/cropped-site-id.png","contentUrl":"https:\/\/papirusymm.com\/wp-content\/uploads\/2025\/02\/cropped-site-id.png","width":512,"height":512,"caption":"Papir\u00fcs Yeminli Mali M\u00fc\u015favirlik"},"image":{"@id":"https:\/\/papirusymm.com\/#\/schema\/logo\/image\/"}}]}},"_links":{"self":[{"href":"https:\/\/papirusymm.com\/index.php\/wp-json\/wp\/v2\/pages\/3673","targetHints":{"allow":["GET"]}}],"collection":[{"href":"https:\/\/papirusymm.com\/index.php\/wp-json\/wp\/v2\/pages"}],"about":[{"href":"https:\/\/papirusymm.com\/index.php\/wp-json\/wp\/v2\/types\/page"}],"author":[{"embeddable":true,"href":"https:\/\/papirusymm.com\/index.php\/wp-json\/wp\/v2\/users\/1"}],"replies":[{"embeddable":true,"href":"https:\/\/papirusymm.com\/index.php\/wp-json\/wp\/v2\/comments?post=3673"}],"version-history":[{"count":46,"href":"https:\/\/papirusymm.com\/index.php\/wp-json\/wp\/v2\/pages\/3673\/revisions"}],"predecessor-version":[{"id":6558,"href":"https:\/\/papirusymm.com\/index.php\/wp-json\/wp\/v2\/pages\/3673\/revisions\/6558"}],"wp:attachment":[{"href":"https:\/\/papirusymm.com\/index.php\/wp-json\/wp\/v2\/media?parent=3673"}],"curies":[{"name":"wp","href":"https:\/\/api.w.org\/{rel}","templated":true}]}}