{"id":4779,"date":"2021-05-27T09:11:54","date_gmt":"2021-05-27T06:11:54","guid":{"rendered":"https:\/\/papirusymm.com\/?page_id=4779"},"modified":"2025-02-21T14:29:51","modified_gmt":"2025-02-21T11:29:51","slug":"mevlanaertak","status":"publish","type":"page","link":"https:\/\/papirusymm.com\/index.php\/mevlanaertak\/","title":{"rendered":"Mevlana Ertak"},"content":{"rendered":"\t\t<div data-elementor-type=\"wp-page\" data-elementor-id=\"4779\" class=\"elementor elementor-4779\" data-elementor-post-type=\"page\">\n\t\t\t\t\t\t<section class=\"elementor-section elementor-top-section elementor-element elementor-element-0fbb83a elementor-reverse-tablet elementor-reverse-mobile elementor-hidden-tablet elementor-hidden-mobile elementor-section-boxed elementor-section-height-default elementor-section-height-default\" data-id=\"0fbb83a\" data-element_type=\"section\" data-e-type=\"section\">\n\t\t\t\t\t\t<div class=\"elementor-container elementor-column-gap-default\">\n\t\t\t\t\t<div class=\"elementor-column elementor-col-50 elementor-top-column elementor-element elementor-element-52c6f2a\" data-id=\"52c6f2a\" data-element_type=\"column\" data-e-type=\"column\">\n\t\t\t<div class=\"elementor-widget-wrap elementor-element-populated\">\n\t\t\t\t\t\t<div class=\"elementor-element elementor-element-0a27d86 elementor-widget elementor-widget-ld_fancy_image\" data-id=\"0a27d86\" data-element_type=\"widget\" data-e-type=\"widget\" data-widget_type=\"ld_fancy_image.default\">\n\t\t\t\t<div class=\"elementor-widget-container\">\n\t\t\t\t\t\n\t\t<div class=\"lqd-imggrp-single d-block pos-rel \">\n\t\t\t<div class=\"lqd-imggrp-img-container d-inline-flex pos-rel align-items-center justify-content-center \">\n\t\t\t\t\t\t\t\t<figure class=\"w-100 pos-rel\">\n\t\t\t\t\t<img fetchpriority=\"high\" decoding=\"async\" width=\"4160\" height=\"6240\" src=\"https:\/\/papirusymm.com\/wp-content\/uploads\/2025\/02\/mevlanaertak.webp\" class=\"attachment-full size-full wp-image-5016\" alt=\"Mevlana Ertak&#039;\u0131n foto\u011fraf\u0131\" srcset=\"https:\/\/papirusymm.com\/wp-content\/uploads\/2025\/02\/mevlanaertak.webp 4160w, https:\/\/papirusymm.com\/wp-content\/uploads\/2025\/02\/mevlanaertak-200x300.webp 200w, https:\/\/papirusymm.com\/wp-content\/uploads\/2025\/02\/mevlanaertak-683x1024.webp 683w, https:\/\/papirusymm.com\/wp-content\/uploads\/2025\/02\/mevlanaertak-1024x1536.webp 1024w, https:\/\/papirusymm.com\/wp-content\/uploads\/2025\/02\/mevlanaertak-1365x2048.webp 1365w\" sizes=\"(max-width: 4160px) 100vw, 4160px\" itemprop=\"image\" \/>\t\t\t\t\t\t\t\t\t\t\t\t\t\t\t\t\t\t\t\t\t\t\t\t\t\t\t\t\t<\/figure>\n\t\t\t<\/div>\n\t\t<\/div>\n\n\t\t\t\t\t<\/div>\n\t\t\t\t<\/div>\n\t\t\t\t\t<\/div>\n\t\t<\/div>\n\t\t\t\t<div class=\"lqd-css-sticky-column elementor-column elementor-col-50 elementor-top-column elementor-element elementor-element-112f008\" style=\"--lqd-sticky-offset:20px\" data-id=\"112f008\" data-element_type=\"column\" data-e-type=\"column\">\n\t\t\t<div class=\"elementor-widget-wrap elementor-element-populated\">\n\t\t\t\t\t\t<div class=\"elementor-element elementor-element-41d8349 elementor-widget elementor-widget-hub_fancy_heading\" data-id=\"41d8349\" data-element_type=\"widget\" data-e-type=\"widget\" data-widget_type=\"hub_fancy_heading.default\">\n\t\t\t\t<div class=\"elementor-widget-container\">\n\t\t\t\t\t\n\t\t<div id=\"ld-fancy-heading-69e37f6a6f57b\" class=\"ld-fancy-heading pos-rel\">\n\t\t\t<h2 class=\"ld-fh-element d-inline-block pos-rel  elementor-heading-title lqd-highlight-classic lqd-highlight-grow-left h2\"  > Mevlana ERTAK<\/h2>\t\t<\/div>\n\n\t\t\t\t\t\t<\/div>\n\t\t\t\t<\/div>\n\t\t\t\t<div class=\"elementor-element elementor-element-09a69b5 elementor-widget elementor-widget-hub_fancy_heading\" data-id=\"09a69b5\" data-element_type=\"widget\" data-e-type=\"widget\" data-widget_type=\"hub_fancy_heading.default\">\n\t\t\t\t<div class=\"elementor-widget-container\">\n\t\t\t\t\t\n\t\t<div id=\"ld-fancy-heading-69e37f6a70222\" class=\"ld-fancy-heading pos-rel\">\n\t\t\t<p class=\"ld-fh-element d-inline-block pos-rel  lqd-highlight-classic lqd-highlight-grow-left p\"  > 2020 y\u0131l\u0131na kadar ki d\u00f6nemde Vergi M\u00fcfetti\u015fi olarak g\u00f6revini s\u00fcrd\u00fcrm\u00fc\u015f olan Ertak, K\u0131nay Ba\u011f\u0131ms\u0131z Denetim ve Yeminli Mali M\u00fc\u015favirlikte Genel Koordinat\u00f6r olarak g\u00f6rev yapt\u0131ktan sonra, Papir\u00fcs\u2019 \u00fcn kurulmas\u0131 akabinde burada da g\u00f6revini Genel Koordinat\u00f6r olarak y\u00fcr\u00fctmektedir. <br><br>\n\n\u00d6ncesinde bankac\u0131l\u0131k sekt\u00f6r\u00fcnde \u00e7al\u0131\u015fm\u0131\u015f olan Ertak, sonras\u0131nda Kamu Sekt\u00f6r\u00fcnde 10 y\u0131ll\u0131k bir deneyim edinmi\u015ftir.<br><br> Uzman\u0131 oldu\u011fu konularda y\u00f6netici olarak \u00e7ok y\u00f6nl\u00fc \u00e7\u00f6z\u00fcmler olu\u015fturmaktad\u0131r.<br><br>\n\nUzmanl\u0131k alanlar\u0131 \u015funlard\u0131r: \u015eirket Kurulu\u015fu, Devir, B\u00f6l\u00fcnme ve Birle\u015fme, Mizan Kontrol\u00fc ve Finansal Tablolar Analizi, Matrah ve Yap\u0131land\u0131rma Kanunlar\u0131 Uygulamas\u0131, M\u00fckellef Haklar\u0131 veHakuki Dan\u0131\u015fmanl\u0131k S\u00fcre\u00e7leri, \u015eirket Yeniden Yap\u0131land\u0131rma ve Projelendirme, Bilan\u00e7o Denetimi, \u015eirket Muhasebe Sistemi Kurulumu.<br><br>\n\nBaz\u0131 hakemli dergilerde makaleleri yay\u0131nlanmakta, meslek odalar\u0131, belediye ve \u00fcniversitelerde ger\u00e7ekle\u015fen seminerlere konu\u015fmac\u0131 olarak kat\u0131lmakta ve birikimlerini payla\u015fmaktad\u0131r.<br><br>\n\nErtak, 2009 y\u0131l\u0131 Uluda\u011f \u00dcniversitesi \u0130ktisadi ve \u0130dari Bilimler Fak\u00fcltesi \u0130\u015fletme B\u00f6l\u00fcm\u00fc mezunudur.\n<\/p>\t\t<\/div>\n\n\t\t\t\t\t\t<\/div>\n\t\t\t\t<\/div>\n\t\t\t\t<section class=\"elementor-section elementor-inner-section elementor-element elementor-element-b4d131d elementor-section-boxed elementor-section-height-default elementor-section-height-default\" data-id=\"b4d131d\" data-element_type=\"section\" data-e-type=\"section\">\n\t\t\t\t\t\t<div class=\"elementor-container elementor-column-gap-default\">\n\t\t\t\t\t<div class=\"elementor-column elementor-col-100 elementor-inner-column elementor-element elementor-element-7f49ea2\" data-id=\"7f49ea2\" data-element_type=\"column\" data-e-type=\"column\">\n\t\t\t<div class=\"elementor-widget-wrap elementor-element-populated\">\n\t\t\t\t\t\t<div class=\"elementor-element elementor-element-dd1b205 elementor-widget elementor-widget-hub_fancy_heading\" data-id=\"dd1b205\" data-element_type=\"widget\" data-e-type=\"widget\" data-widget_type=\"hub_fancy_heading.default\">\n\t\t\t\t<div class=\"elementor-widget-container\">\n\t\t\t\t\t\n\t\t<div id=\"ld-fancy-heading-69e37f6a70e15\" class=\"ld-fancy-heading pos-rel\">\n\t\t\t<h6 class=\"ld-fh-element d-inline-block pos-rel  elementor-heading-title lqd-highlight-classic lqd-highlight-grow-left h6\"  > \u0130LET\u0130\u015e\u0130ME GE\u00c7<\/h6>\t\t<\/div>\n\n\t\t\t\t\t\t<\/div>\n\t\t\t\t<\/div>\n\t\t\t\t\t<\/div>\n\t\t<\/div>\n\t\t\t\t\t<\/div>\n\t\t<\/section>\n\t\t\t\t<section class=\"elementor-section elementor-inner-section elementor-element elementor-element-89c0f1e elementor-section-boxed elementor-section-height-default elementor-section-height-default\" data-id=\"89c0f1e\" data-element_type=\"section\" data-e-type=\"section\" data-settings=\"{&quot;background_background&quot;:&quot;classic&quot;}\">\n\t\t\t\t\t\t<div class=\"elementor-container elementor-column-gap-default\">\n\t\t\t\t\t<div class=\"elementor-column elementor-col-100 elementor-inner-column elementor-element elementor-element-9ec9965\" data-id=\"9ec9965\" data-element_type=\"column\" data-e-type=\"column\">\n\t\t\t<div class=\"elementor-widget-wrap elementor-element-populated\">\n\t\t\t\t\t\t<div class=\"elementor-element elementor-element-2748075 elementor-widget elementor-widget-hub_fancy_heading\" data-id=\"2748075\" data-element_type=\"widget\" data-e-type=\"widget\" data-widget_type=\"hub_fancy_heading.default\">\n\t\t\t\t<div class=\"elementor-widget-container\">\n\t\t\t\t\t\n\t\t<div id=\"ld-fancy-heading-69e37f6a71964\" class=\"ld-fancy-heading pos-rel\">\n\t\t\t<h5 class=\"ld-fh-element d-inline-block pos-rel  elementor-heading-title lqd-highlight-classic lqd-highlight-grow-left h5\"  > mevlana.ertak@papirusymm.com<\/h5>\t\t<\/div>\n\n\t\t\t\t\t\t<\/div>\n\t\t\t\t<\/div>\n\t\t\t\t\t<\/div>\n\t\t<\/div>\n\t\t\t\t\t<\/div>\n\t\t<\/section>\n\t\t\t\t\t<\/div>\n\t\t<\/div>\n\t\t\t\t\t<\/div>\n\t\t<\/section>\n\t\t\t\t<section class=\"elementor-section elementor-top-section elementor-element elementor-element-f5e0de0 elementor-reverse-tablet elementor-reverse-mobile elementor-hidden-desktop elementor-section-boxed elementor-section-height-default elementor-section-height-default\" data-id=\"f5e0de0\" data-element_type=\"section\" data-e-type=\"section\">\n\t\t\t\t\t\t<div class=\"elementor-container elementor-column-gap-default\">\n\t\t\t\t\t<div class=\"lqd-css-sticky-column elementor-column elementor-col-100 elementor-top-column elementor-element elementor-element-707e69f\" style=\"--lqd-sticky-offset:20px\" data-id=\"707e69f\" data-element_type=\"column\" data-e-type=\"column\">\n\t\t\t<div class=\"elementor-widget-wrap elementor-element-populated\">\n\t\t\t\t<div class=\"elementor-element elementor-element-202e9f4 e-con-full e-flex e-con e-child\" data-id=\"202e9f4\" data-element_type=\"container\" data-e-type=\"container\" data-settings=\"{&quot;background_background&quot;:&quot;classic&quot;}\">\n\t\t<div class=\"elementor-element elementor-element-8cafafb e-con-full e-flex e-con e-child\" data-id=\"8cafafb\" data-element_type=\"container\" data-e-type=\"container\" data-settings=\"{&quot;background_background&quot;:&quot;classic&quot;}\">\n\t\t\t\t<\/div>\n\t\t\t\t<div class=\"elementor-element elementor-element-9c6e2c6 elementor-widget elementor-widget-hub_fancy_heading\" data-id=\"9c6e2c6\" data-element_type=\"widget\" data-e-type=\"widget\" data-widget_type=\"hub_fancy_heading.default\">\n\t\t\t\t<div class=\"elementor-widget-container\">\n\t\t\t\t\t\n\t\t<div id=\"ld-fancy-heading-69e37f6a724a2\" class=\"ld-fancy-heading pos-rel\">\n\t\t\t<h2 class=\"ld-fh-element d-inline-block pos-rel  elementor-heading-title lqd-highlight-classic lqd-highlight-grow-left h2\"  > Mevlana ERTAK<\/h2>\t\t<\/div>\n\n\t\t\t\t\t\t<\/div>\n\t\t\t\t<\/div>\n\t\t\t\t<div class=\"elementor-element elementor-element-0bcc523 elementor-widget elementor-widget-heading\" data-id=\"0bcc523\" data-element_type=\"widget\" data-e-type=\"widget\" data-widget_type=\"heading.default\">\n\t\t\t\t<div class=\"elementor-widget-container\">\n\t\t\t\t\t<h5 class=\"elementor-heading-title elementor-size-default\">mevlana.ertak@papirusymm.com<\/h5>\t\t\t\t<\/div>\n\t\t\t\t<\/div>\n\t\t\t\t<div class=\"elementor-element elementor-element-5fd50d9 elementor-widget elementor-widget-hub_fancy_heading\" data-id=\"5fd50d9\" data-element_type=\"widget\" data-e-type=\"widget\" data-widget_type=\"hub_fancy_heading.default\">\n\t\t\t\t<div class=\"elementor-widget-container\">\n\t\t\t\t\t\n\t\t<div id=\"ld-fancy-heading-69e37f6a7300d\" class=\"ld-fancy-heading pos-rel\">\n\t\t\t<p class=\"ld-fh-element d-inline-block pos-rel  lqd-highlight-classic lqd-highlight-grow-left p\"  > 2020 y\u0131l\u0131na kadar ki d\u00f6nemde Vergi M\u00fcfetti\u015fi olarak g\u00f6revini s\u00fcrd\u00fcrm\u00fc\u015f olan Ertak, K\u0131nay Ba\u011f\u0131ms\u0131z Denetim ve Yeminli Mali M\u00fc\u015favirlikte Genel Koordinat\u00f6r olarak g\u00f6rev yapt\u0131ktan sonra, Papir\u00fcs\u2019 \u00fcn kurulmas\u0131 akabinde burada da g\u00f6revini Genel Koordinat\u00f6r olarak y\u00fcr\u00fctmektedir. <br><br>\n\n\u00d6ncesinde bankac\u0131l\u0131k sekt\u00f6r\u00fcnde \u00e7al\u0131\u015fm\u0131\u015f olan Ertak, sonras\u0131nda Kamu Sekt\u00f6r\u00fcnde 10 y\u0131ll\u0131k bir deneyim edinmi\u015ftir.<br><br>\n\nUzman\u0131 oldu\u011fu konularda y\u00f6netici olarak \u00e7ok y\u00f6nl\u00fc \u00e7\u00f6z\u00fcmler olu\u015fturmaktad\u0131r.<br><br>\n\nUzmanl\u0131k alanlar\u0131 \u015funlard\u0131r: \u015eirket Kurulu\u015fu, Devir, B\u00f6l\u00fcnme ve Birle\u015fme, Mizan Kontrol\u00fc ve Finansal Tablolar Analizi, Matrah ve Yap\u0131land\u0131rma Kanunlar\u0131 Uygulamas\u0131, M\u00fckellef Haklar\u0131 veHakuki Dan\u0131\u015fmanl\u0131k S\u00fcre\u00e7leri, \u015eirket Yeniden Yap\u0131land\u0131rma ve Projelendirme, Bilan\u00e7o Denetimi, \u015eirket Muhasebe Sistemi Kurulumu.<br><br>\n\nBaz\u0131 hakemli dergilerde makaleleri yay\u0131nlanmakta, meslek odalar\u0131, belediye ve \u00fcniversitelerde ger\u00e7ekle\u015fen seminerlere konu\u015fmac\u0131 olarak kat\u0131lmakta ve birikimlerini payla\u015fmaktad\u0131r.<br><br>\n\nErtak, 2009 y\u0131l\u0131 Uluda\u011f \u00dcniversitesi \u0130ktisadi ve \u0130dari Bilimler Fak\u00fcltesi \u0130\u015fletme B\u00f6l\u00fcm\u00fc mezunudur.<\/p>\t\t<\/div>\n\n\t\t\t\t\t\t<\/div>\n\t\t\t\t<\/div>\n\t\t\t\t<\/div>\n\t\t\t\t\t<\/div>\n\t\t<\/div>\n\t\t\t\t\t<\/div>\n\t\t<\/section>\n\t\t\t\t<section class=\"elementor-section elementor-top-section elementor-element elementor-element-939fc1e elementor-reverse-tablet elementor-reverse-mobile elementor-hidden-tablet elementor-section-boxed elementor-section-height-default elementor-section-height-default\" data-id=\"939fc1e\" data-element_type=\"section\" data-e-type=\"section\">\n\t\t\t\t\t\t<div class=\"elementor-container elementor-column-gap-default\">\n\t\t\t\t\t<div class=\"lqd-css-sticky-column elementor-column elementor-col-100 elementor-top-column elementor-element elementor-element-949d087\" style=\"--lqd-sticky-offset:20px\" data-id=\"949d087\" data-element_type=\"column\" data-e-type=\"column\">\n\t\t\t<div class=\"elementor-widget-wrap\">\n\t\t\t\t\t\t\t<\/div>\n\t\t<\/div>\n\t\t\t\t\t<\/div>\n\t\t<\/section>\n\t\t\t\t<\/div>\n\t\t","protected":false},"excerpt":{"rendered":"<p>Mevlana ERTAK 2020 y\u0131l\u0131na kadar ki d\u00f6nemde Vergi M\u00fcfetti\u015fi olarak g\u00f6revini s\u00fcrd\u00fcrm\u00fc\u015f olan Ertak, K\u0131nay Ba\u011f\u0131ms\u0131z Denetim ve Yeminli Mali M\u00fc\u015favirlikte Genel Koordinat\u00f6r olarak g\u00f6rev yapt\u0131ktan sonra, Papir\u00fcs\u2019 \u00fcn kurulmas\u0131 akabinde burada da g\u00f6revini Genel Koordinat\u00f6r olarak y\u00fcr\u00fctmektedir. \u00d6ncesinde bankac\u0131l\u0131k sekt\u00f6r\u00fcnde \u00e7al\u0131\u015fm\u0131\u015f olan Ertak, sonras\u0131nda Kamu Sekt\u00f6r\u00fcnde 10 y\u0131ll\u0131k bir deneyim edinmi\u015ftir. Uzman\u0131 oldu\u011fu konularda [&hellip;]<\/p>\n","protected":false},"author":1,"featured_media":0,"parent":0,"menu_order":1,"comment_status":"closed","ping_status":"closed","template":"","meta":{"footnotes":""},"class_list":["post-4779","page","type-page","status-publish","hentry"],"yoast_head":"<!-- This site is optimized with the Yoast SEO plugin v27.0 - https:\/\/yoast.com\/product\/yoast-seo-wordpress\/ -->\n<title>Mevlana Ertak - Papir\u00fcs YMM<\/title>\n<meta name=\"robots\" content=\"index, follow, max-snippet:-1, max-image-preview:large, max-video-preview:-1\" \/>\n<link rel=\"canonical\" href=\"https:\/\/papirusymm.com\/index.php\/mevlanaertak\/\" \/>\n<meta property=\"og:locale\" content=\"tr_TR\" \/>\n<meta property=\"og:type\" content=\"article\" \/>\n<meta property=\"og:title\" content=\"Mevlana Ertak - Papir\u00fcs YMM\" \/>\n<meta property=\"og:description\" content=\"Mevlana ERTAK 2020 y\u0131l\u0131na kadar ki d\u00f6nemde Vergi M\u00fcfetti\u015fi olarak g\u00f6revini s\u00fcrd\u00fcrm\u00fc\u015f olan Ertak, K\u0131nay Ba\u011f\u0131ms\u0131z Denetim ve Yeminli Mali M\u00fc\u015favirlikte Genel Koordinat\u00f6r olarak g\u00f6rev yapt\u0131ktan sonra, Papir\u00fcs\u2019 \u00fcn kurulmas\u0131 akabinde burada da g\u00f6revini Genel Koordinat\u00f6r olarak y\u00fcr\u00fctmektedir. \u00d6ncesinde bankac\u0131l\u0131k sekt\u00f6r\u00fcnde \u00e7al\u0131\u015fm\u0131\u015f olan Ertak, sonras\u0131nda Kamu Sekt\u00f6r\u00fcnde 10 y\u0131ll\u0131k bir deneyim edinmi\u015ftir. Uzman\u0131 oldu\u011fu konularda [&hellip;]\" \/>\n<meta property=\"og:url\" content=\"https:\/\/papirusymm.com\/index.php\/mevlanaertak\/\" \/>\n<meta property=\"og:site_name\" content=\"Papir\u00fcs YMM\" \/>\n<meta property=\"article:modified_time\" content=\"2025-02-21T11:29:51+00:00\" \/>\n<meta property=\"og:image\" content=\"https:\/\/papirusymm.com\/wp-content\/uploads\/2025\/02\/mevlanaertak.webp\" \/>\n\t<meta property=\"og:image:width\" content=\"4160\" \/>\n\t<meta property=\"og:image:height\" content=\"6240\" \/>\n\t<meta property=\"og:image:type\" content=\"image\/webp\" \/>\n<meta name=\"twitter:card\" content=\"summary_large_image\" \/>\n<meta name=\"twitter:label1\" content=\"Tahmini okuma s\u00fcresi\" \/>\n\t<meta name=\"twitter:data1\" content=\"2 dakika\" \/>\n<script type=\"application\/ld+json\" class=\"yoast-schema-graph\">{\"@context\":\"https:\/\/schema.org\",\"@graph\":[{\"@type\":\"WebPage\",\"@id\":\"https:\/\/papirusymm.com\/index.php\/mevlanaertak\/\",\"url\":\"https:\/\/papirusymm.com\/index.php\/mevlanaertak\/\",\"name\":\"Mevlana Ertak - Papir\u00fcs YMM\",\"isPartOf\":{\"@id\":\"https:\/\/papirusymm.com\/#website\"},\"primaryImageOfPage\":{\"@id\":\"https:\/\/papirusymm.com\/index.php\/mevlanaertak\/#primaryimage\"},\"image\":{\"@id\":\"https:\/\/papirusymm.com\/index.php\/mevlanaertak\/#primaryimage\"},\"thumbnailUrl\":\"https:\/\/papirusymm.com\/wp-content\/uploads\/2025\/02\/mevlanaertak.webp\",\"datePublished\":\"2021-05-27T06:11:54+00:00\",\"dateModified\":\"2025-02-21T11:29:51+00:00\",\"breadcrumb\":{\"@id\":\"https:\/\/papirusymm.com\/index.php\/mevlanaertak\/#breadcrumb\"},\"inLanguage\":\"tr\",\"potentialAction\":[{\"@type\":\"ReadAction\",\"target\":[\"https:\/\/papirusymm.com\/index.php\/mevlanaertak\/\"]}]},{\"@type\":\"ImageObject\",\"inLanguage\":\"tr\",\"@id\":\"https:\/\/papirusymm.com\/index.php\/mevlanaertak\/#primaryimage\",\"url\":\"https:\/\/papirusymm.com\/wp-content\/uploads\/2025\/02\/mevlanaertak.webp\",\"contentUrl\":\"https:\/\/papirusymm.com\/wp-content\/uploads\/2025\/02\/mevlanaertak.webp\",\"width\":4160,\"height\":6240,\"caption\":\"Mevlana Ertak'\u0131n foto\u011fraf\u0131\"},{\"@type\":\"BreadcrumbList\",\"@id\":\"https:\/\/papirusymm.com\/index.php\/mevlanaertak\/#breadcrumb\",\"itemListElement\":[{\"@type\":\"ListItem\",\"position\":1,\"name\":\"Anasayfa\",\"item\":\"https:\/\/papirusymm.com\/\"},{\"@type\":\"ListItem\",\"position\":2,\"name\":\"Mevlana Ertak\"}]},{\"@type\":\"WebSite\",\"@id\":\"https:\/\/papirusymm.com\/#website\",\"url\":\"https:\/\/papirusymm.com\/\",\"name\":\"Papir\u00fcs YMM\",\"description\":\"Papir\u00fcs Yeminli Mali M\u00fc\u015favirlik A\u015e\",\"publisher\":{\"@id\":\"https:\/\/papirusymm.com\/#organization\"},\"potentialAction\":[{\"@type\":\"SearchAction\",\"target\":{\"@type\":\"EntryPoint\",\"urlTemplate\":\"https:\/\/papirusymm.com\/?s={search_term_string}\"},\"query-input\":{\"@type\":\"PropertyValueSpecification\",\"valueRequired\":true,\"valueName\":\"search_term_string\"}}],\"inLanguage\":\"tr\"},{\"@type\":\"Organization\",\"@id\":\"https:\/\/papirusymm.com\/#organization\",\"name\":\"Papir\u00fcs Yeminli Mali M\u00fc\u015favirlik\",\"url\":\"https:\/\/papirusymm.com\/\",\"logo\":{\"@type\":\"ImageObject\",\"inLanguage\":\"tr\",\"@id\":\"https:\/\/papirusymm.com\/#\/schema\/logo\/image\/\",\"url\":\"https:\/\/papirusymm.com\/wp-content\/uploads\/2025\/02\/cropped-site-id.png\",\"contentUrl\":\"https:\/\/papirusymm.com\/wp-content\/uploads\/2025\/02\/cropped-site-id.png\",\"width\":512,\"height\":512,\"caption\":\"Papir\u00fcs Yeminli Mali M\u00fc\u015favirlik\"},\"image\":{\"@id\":\"https:\/\/papirusymm.com\/#\/schema\/logo\/image\/\"}}]}<\/script>\n<!-- \/ Yoast SEO plugin. -->","yoast_head_json":{"title":"Mevlana Ertak - Papir\u00fcs YMM","robots":{"index":"index","follow":"follow","max-snippet":"max-snippet:-1","max-image-preview":"max-image-preview:large","max-video-preview":"max-video-preview:-1"},"canonical":"https:\/\/papirusymm.com\/index.php\/mevlanaertak\/","og_locale":"tr_TR","og_type":"article","og_title":"Mevlana Ertak - Papir\u00fcs YMM","og_description":"Mevlana ERTAK 2020 y\u0131l\u0131na kadar ki d\u00f6nemde Vergi M\u00fcfetti\u015fi olarak g\u00f6revini s\u00fcrd\u00fcrm\u00fc\u015f olan Ertak, K\u0131nay Ba\u011f\u0131ms\u0131z Denetim ve Yeminli Mali M\u00fc\u015favirlikte Genel Koordinat\u00f6r olarak g\u00f6rev yapt\u0131ktan sonra, Papir\u00fcs\u2019 \u00fcn kurulmas\u0131 akabinde burada da g\u00f6revini Genel Koordinat\u00f6r olarak y\u00fcr\u00fctmektedir. \u00d6ncesinde bankac\u0131l\u0131k sekt\u00f6r\u00fcnde \u00e7al\u0131\u015fm\u0131\u015f olan Ertak, sonras\u0131nda Kamu Sekt\u00f6r\u00fcnde 10 y\u0131ll\u0131k bir deneyim edinmi\u015ftir. Uzman\u0131 oldu\u011fu konularda [&hellip;]","og_url":"https:\/\/papirusymm.com\/index.php\/mevlanaertak\/","og_site_name":"Papir\u00fcs YMM","article_modified_time":"2025-02-21T11:29:51+00:00","og_image":[{"width":4160,"height":6240,"url":"https:\/\/papirusymm.com\/wp-content\/uploads\/2025\/02\/mevlanaertak.webp","type":"image\/webp"}],"twitter_card":"summary_large_image","twitter_misc":{"Tahmini okuma s\u00fcresi":"2 dakika"},"schema":{"@context":"https:\/\/schema.org","@graph":[{"@type":"WebPage","@id":"https:\/\/papirusymm.com\/index.php\/mevlanaertak\/","url":"https:\/\/papirusymm.com\/index.php\/mevlanaertak\/","name":"Mevlana Ertak - Papir\u00fcs YMM","isPartOf":{"@id":"https:\/\/papirusymm.com\/#website"},"primaryImageOfPage":{"@id":"https:\/\/papirusymm.com\/index.php\/mevlanaertak\/#primaryimage"},"image":{"@id":"https:\/\/papirusymm.com\/index.php\/mevlanaertak\/#primaryimage"},"thumbnailUrl":"https:\/\/papirusymm.com\/wp-content\/uploads\/2025\/02\/mevlanaertak.webp","datePublished":"2021-05-27T06:11:54+00:00","dateModified":"2025-02-21T11:29:51+00:00","breadcrumb":{"@id":"https:\/\/papirusymm.com\/index.php\/mevlanaertak\/#breadcrumb"},"inLanguage":"tr","potentialAction":[{"@type":"ReadAction","target":["https:\/\/papirusymm.com\/index.php\/mevlanaertak\/"]}]},{"@type":"ImageObject","inLanguage":"tr","@id":"https:\/\/papirusymm.com\/index.php\/mevlanaertak\/#primaryimage","url":"https:\/\/papirusymm.com\/wp-content\/uploads\/2025\/02\/mevlanaertak.webp","contentUrl":"https:\/\/papirusymm.com\/wp-content\/uploads\/2025\/02\/mevlanaertak.webp","width":4160,"height":6240,"caption":"Mevlana Ertak'\u0131n foto\u011fraf\u0131"},{"@type":"BreadcrumbList","@id":"https:\/\/papirusymm.com\/index.php\/mevlanaertak\/#breadcrumb","itemListElement":[{"@type":"ListItem","position":1,"name":"Anasayfa","item":"https:\/\/papirusymm.com\/"},{"@type":"ListItem","position":2,"name":"Mevlana Ertak"}]},{"@type":"WebSite","@id":"https:\/\/papirusymm.com\/#website","url":"https:\/\/papirusymm.com\/","name":"Papir\u00fcs YMM","description":"Papir\u00fcs Yeminli Mali M\u00fc\u015favirlik A\u015e","publisher":{"@id":"https:\/\/papirusymm.com\/#organization"},"potentialAction":[{"@type":"SearchAction","target":{"@type":"EntryPoint","urlTemplate":"https:\/\/papirusymm.com\/?s={search_term_string}"},"query-input":{"@type":"PropertyValueSpecification","valueRequired":true,"valueName":"search_term_string"}}],"inLanguage":"tr"},{"@type":"Organization","@id":"https:\/\/papirusymm.com\/#organization","name":"Papir\u00fcs Yeminli Mali M\u00fc\u015favirlik","url":"https:\/\/papirusymm.com\/","logo":{"@type":"ImageObject","inLanguage":"tr","@id":"https:\/\/papirusymm.com\/#\/schema\/logo\/image\/","url":"https:\/\/papirusymm.com\/wp-content\/uploads\/2025\/02\/cropped-site-id.png","contentUrl":"https:\/\/papirusymm.com\/wp-content\/uploads\/2025\/02\/cropped-site-id.png","width":512,"height":512,"caption":"Papir\u00fcs Yeminli Mali M\u00fc\u015favirlik"},"image":{"@id":"https:\/\/papirusymm.com\/#\/schema\/logo\/image\/"}}]}},"_links":{"self":[{"href":"https:\/\/papirusymm.com\/index.php\/wp-json\/wp\/v2\/pages\/4779","targetHints":{"allow":["GET"]}}],"collection":[{"href":"https:\/\/papirusymm.com\/index.php\/wp-json\/wp\/v2\/pages"}],"about":[{"href":"https:\/\/papirusymm.com\/index.php\/wp-json\/wp\/v2\/types\/page"}],"author":[{"embeddable":true,"href":"https:\/\/papirusymm.com\/index.php\/wp-json\/wp\/v2\/users\/1"}],"replies":[{"embeddable":true,"href":"https:\/\/papirusymm.com\/index.php\/wp-json\/wp\/v2\/comments?post=4779"}],"version-history":[{"count":22,"href":"https:\/\/papirusymm.com\/index.php\/wp-json\/wp\/v2\/pages\/4779\/revisions"}],"predecessor-version":[{"id":6555,"href":"https:\/\/papirusymm.com\/index.php\/wp-json\/wp\/v2\/pages\/4779\/revisions\/6555"}],"wp:attachment":[{"href":"https:\/\/papirusymm.com\/index.php\/wp-json\/wp\/v2\/media?parent=4779"}],"curies":[{"name":"wp","href":"https:\/\/api.w.org\/{rel}","templated":true}]}}