{"id":4781,"date":"2021-05-27T09:11:54","date_gmt":"2021-05-27T06:11:54","guid":{"rendered":"https:\/\/papirusymm.com\/?page_id=4781"},"modified":"2025-02-21T14:29:37","modified_gmt":"2025-02-21T11:29:37","slug":"omeryildiz","status":"publish","type":"page","link":"https:\/\/papirusymm.com\/index.php\/omeryildiz\/","title":{"rendered":"\u00d6mer Y\u0131ld\u0131z"},"content":{"rendered":"\t\t<div data-elementor-type=\"wp-page\" data-elementor-id=\"4781\" class=\"elementor elementor-4781\" data-elementor-post-type=\"page\">\n\t\t\t\t\t\t<section class=\"elementor-section elementor-top-section elementor-element elementor-element-0fbb83a elementor-reverse-tablet elementor-reverse-mobile elementor-hidden-tablet elementor-hidden-mobile elementor-section-boxed elementor-section-height-default elementor-section-height-default\" data-id=\"0fbb83a\" data-element_type=\"section\" data-e-type=\"section\">\n\t\t\t\t\t\t<div class=\"elementor-container elementor-column-gap-default\">\n\t\t\t\t\t<div class=\"elementor-column elementor-col-50 elementor-top-column elementor-element elementor-element-52c6f2a\" data-id=\"52c6f2a\" data-element_type=\"column\" data-e-type=\"column\">\n\t\t\t<div class=\"elementor-widget-wrap elementor-element-populated\">\n\t\t\t\t\t\t<div class=\"elementor-element elementor-element-0a27d86 elementor-widget elementor-widget-ld_fancy_image\" data-id=\"0a27d86\" data-element_type=\"widget\" data-e-type=\"widget\" data-widget_type=\"ld_fancy_image.default\">\n\t\t\t\t<div class=\"elementor-widget-container\">\n\t\t\t\t\t\n\t\t<div class=\"lqd-imggrp-single d-block pos-rel \">\n\t\t\t<div class=\"lqd-imggrp-img-container d-inline-flex pos-rel align-items-center justify-content-center \">\n\t\t\t\t\t\t\t\t<figure class=\"w-100 pos-rel\">\n\t\t\t\t\t<img fetchpriority=\"high\" decoding=\"async\" width=\"4160\" height=\"6240\" src=\"https:\/\/papirusymm.com\/wp-content\/uploads\/2025\/02\/omeryildiz.png\" class=\"attachment-full size-full wp-image-5018\" alt=\"\u00d6mer Y\u0131ld\u0131z&#039;\u0131n foto\u011fraf\u0131\" srcset=\"https:\/\/papirusymm.com\/wp-content\/uploads\/2025\/02\/omeryildiz.png 4160w, https:\/\/papirusymm.com\/wp-content\/uploads\/2025\/02\/omeryildiz-200x300.png 200w, https:\/\/papirusymm.com\/wp-content\/uploads\/2025\/02\/omeryildiz-683x1024.png 683w, https:\/\/papirusymm.com\/wp-content\/uploads\/2025\/02\/omeryildiz-1024x1536.png 1024w, https:\/\/papirusymm.com\/wp-content\/uploads\/2025\/02\/omeryildiz-1365x2048.png 1365w\" sizes=\"(max-width: 4160px) 100vw, 4160px\" itemprop=\"image\" \/>\t\t\t\t\t\t\t\t\t\t\t\t\t\t\t\t\t\t\t\t\t\t\t\t\t\t\t\t\t<\/figure>\n\t\t\t<\/div>\n\t\t<\/div>\n\n\t\t\t\t\t<\/div>\n\t\t\t\t<\/div>\n\t\t\t\t\t<\/div>\n\t\t<\/div>\n\t\t\t\t<div class=\"lqd-css-sticky-column elementor-column elementor-col-50 elementor-top-column elementor-element elementor-element-112f008\" style=\"--lqd-sticky-offset:20px\" data-id=\"112f008\" data-element_type=\"column\" data-e-type=\"column\">\n\t\t\t<div class=\"elementor-widget-wrap elementor-element-populated\">\n\t\t\t\t\t\t<div class=\"elementor-element elementor-element-41d8349 elementor-widget elementor-widget-hub_fancy_heading\" data-id=\"41d8349\" data-element_type=\"widget\" data-e-type=\"widget\" data-widget_type=\"hub_fancy_heading.default\">\n\t\t\t\t<div class=\"elementor-widget-container\">\n\t\t\t\t\t\n\t\t<div id=\"ld-fancy-heading-69e39728eab26\" class=\"ld-fancy-heading pos-rel\">\n\t\t\t<h2 class=\"ld-fh-element d-inline-block pos-rel  elementor-heading-title lqd-highlight-classic lqd-highlight-grow-left h2\"  > \u00d6mer YILDIZ<\/h2>\t\t<\/div>\n\n\t\t\t\t\t\t<\/div>\n\t\t\t\t<\/div>\n\t\t\t\t<div class=\"elementor-element elementor-element-09a69b5 elementor-widget elementor-widget-hub_fancy_heading\" data-id=\"09a69b5\" data-element_type=\"widget\" data-e-type=\"widget\" data-widget_type=\"hub_fancy_heading.default\">\n\t\t\t\t<div class=\"elementor-widget-container\">\n\t\t\t\t\t\n\t\t<div id=\"ld-fancy-heading-69e39728eb800\" class=\"ld-fancy-heading pos-rel\">\n\t\t\t<p class=\"ld-fh-element d-inline-block pos-rel  lqd-highlight-classic lqd-highlight-grow-left p\"  > 1987 y\u0131l\u0131nda do\u011fan \u00d6mer Y\u0131ld\u0131z ilk ve orta\u00f6\u011frenimini Van'da liseyi Osmaniyede tamamlad\u0131. <br><br>\n2006 y\u0131l\u0131nda Uluda\u011f \u00dcniversitesinde lisans e\u011fitimini  tamamlamas\u0131n\u0131n akabinde 2013 y\u0131l\u0131nda vergi m\u00fcfetti\u015f yard\u0131mc\u0131s\u0131 olarak hazine ve maliye bakanl\u0131\u011f\u0131nda g\u00f6reve ba\u015flad\u0131. <br><br>\nYard\u0131mc\u0131l\u0131k s\u00fcrecini tamamlad\u0131ktan sonra yeterlik s\u0131navlar\u0131ndan ba\u015far\u0131l\u0131 olarak m\u00fcfetti\u015f olarak atand\u0131.\n<br><br>\nHazine ve maliye bakanl\u0131\u011f\u0131ndan \u00e7e\u015fitli grup ba\u015fkanl\u0131\u011f\u0131nda bir\u00e7ok g\u00f6revi yerine getirdi. <br><br>\n2022 y\u0131l\u0131ndan itibaren Papir\u00fcs YMM b\u00fcnyesinde \u00e7al\u0131\u015fmalar\u0131na devam etmektedir.\n<\/p>\t\t<\/div>\n\n\t\t\t\t\t\t<\/div>\n\t\t\t\t<\/div>\n\t\t\t\t<section class=\"elementor-section elementor-inner-section elementor-element elementor-element-b4d131d elementor-section-boxed elementor-section-height-default elementor-section-height-default\" data-id=\"b4d131d\" data-element_type=\"section\" data-e-type=\"section\">\n\t\t\t\t\t\t<div class=\"elementor-container elementor-column-gap-default\">\n\t\t\t\t\t<div class=\"elementor-column elementor-col-100 elementor-inner-column elementor-element elementor-element-7f49ea2\" data-id=\"7f49ea2\" data-element_type=\"column\" data-e-type=\"column\">\n\t\t\t<div class=\"elementor-widget-wrap elementor-element-populated\">\n\t\t\t\t\t\t<div class=\"elementor-element elementor-element-dd1b205 elementor-widget elementor-widget-hub_fancy_heading\" data-id=\"dd1b205\" data-element_type=\"widget\" data-e-type=\"widget\" data-widget_type=\"hub_fancy_heading.default\">\n\t\t\t\t<div class=\"elementor-widget-container\">\n\t\t\t\t\t\n\t\t<div id=\"ld-fancy-heading-69e39728ec416\" class=\"ld-fancy-heading pos-rel\">\n\t\t\t<h6 class=\"ld-fh-element d-inline-block pos-rel  elementor-heading-title lqd-highlight-classic lqd-highlight-grow-left h6\"  > \u0130LET\u0130\u015e\u0130ME GE\u00c7<\/h6>\t\t<\/div>\n\n\t\t\t\t\t\t<\/div>\n\t\t\t\t<\/div>\n\t\t\t\t\t<\/div>\n\t\t<\/div>\n\t\t\t\t\t<\/div>\n\t\t<\/section>\n\t\t\t\t<section class=\"elementor-section elementor-inner-section elementor-element elementor-element-89c0f1e elementor-section-boxed elementor-section-height-default elementor-section-height-default\" data-id=\"89c0f1e\" data-element_type=\"section\" data-e-type=\"section\" data-settings=\"{&quot;background_background&quot;:&quot;classic&quot;}\">\n\t\t\t\t\t\t<div class=\"elementor-container elementor-column-gap-default\">\n\t\t\t\t\t<div class=\"elementor-column elementor-col-100 elementor-inner-column elementor-element elementor-element-9ec9965\" data-id=\"9ec9965\" data-element_type=\"column\" data-e-type=\"column\">\n\t\t\t<div class=\"elementor-widget-wrap elementor-element-populated\">\n\t\t\t\t\t\t<div class=\"elementor-element elementor-element-2748075 elementor-widget elementor-widget-hub_fancy_heading\" data-id=\"2748075\" data-element_type=\"widget\" data-e-type=\"widget\" data-widget_type=\"hub_fancy_heading.default\">\n\t\t\t\t<div class=\"elementor-widget-container\">\n\t\t\t\t\t\n\t\t<div id=\"ld-fancy-heading-69e39728ecf95\" class=\"ld-fancy-heading pos-rel\">\n\t\t\t<h5 class=\"ld-fh-element d-inline-block pos-rel  elementor-heading-title lqd-highlight-classic lqd-highlight-grow-left h5\"  > omer.yildiz@papirusymm.com<\/h5>\t\t<\/div>\n\n\t\t\t\t\t\t<\/div>\n\t\t\t\t<\/div>\n\t\t\t\t\t<\/div>\n\t\t<\/div>\n\t\t\t\t\t<\/div>\n\t\t<\/section>\n\t\t\t\t\t<\/div>\n\t\t<\/div>\n\t\t\t\t\t<\/div>\n\t\t<\/section>\n\t\t\t\t<section class=\"elementor-section elementor-top-section elementor-element elementor-element-c488491 elementor-reverse-tablet elementor-reverse-mobile elementor-hidden-desktop elementor-section-boxed elementor-section-height-default elementor-section-height-default\" data-id=\"c488491\" data-element_type=\"section\" data-e-type=\"section\">\n\t\t\t\t\t\t<div class=\"elementor-container elementor-column-gap-default\">\n\t\t\t\t\t<div class=\"lqd-css-sticky-column elementor-column elementor-col-100 elementor-top-column elementor-element elementor-element-4ccc763\" style=\"--lqd-sticky-offset:20px\" data-id=\"4ccc763\" data-element_type=\"column\" data-e-type=\"column\">\n\t\t\t<div class=\"elementor-widget-wrap elementor-element-populated\">\n\t\t\t\t<div class=\"elementor-element elementor-element-67d099d e-con-full e-flex e-con e-child\" data-id=\"67d099d\" data-element_type=\"container\" data-e-type=\"container\" data-settings=\"{&quot;background_background&quot;:&quot;classic&quot;}\">\n\t\t<div class=\"elementor-element elementor-element-2f23180 e-con-full e-flex e-con e-child\" data-id=\"2f23180\" data-element_type=\"container\" data-e-type=\"container\" data-settings=\"{&quot;background_background&quot;:&quot;classic&quot;}\">\n\t\t\t\t<\/div>\n\t\t\t\t<div class=\"elementor-element elementor-element-efdbef4 elementor-widget elementor-widget-hub_fancy_heading\" data-id=\"efdbef4\" data-element_type=\"widget\" data-e-type=\"widget\" data-widget_type=\"hub_fancy_heading.default\">\n\t\t\t\t<div class=\"elementor-widget-container\">\n\t\t\t\t\t\n\t\t<div id=\"ld-fancy-heading-69e39728edaff\" class=\"ld-fancy-heading pos-rel\">\n\t\t\t<h2 class=\"ld-fh-element d-inline-block pos-rel  elementor-heading-title lqd-highlight-classic lqd-highlight-grow-left h2\"  > \u00d6mer YILDIZ<\/h2>\t\t<\/div>\n\n\t\t\t\t\t\t<\/div>\n\t\t\t\t<\/div>\n\t\t\t\t<div class=\"elementor-element elementor-element-caa4c21 elementor-widget elementor-widget-heading\" data-id=\"caa4c21\" data-element_type=\"widget\" data-e-type=\"widget\" data-widget_type=\"heading.default\">\n\t\t\t\t<div class=\"elementor-widget-container\">\n\t\t\t\t\t<h5 class=\"elementor-heading-title elementor-size-default\">omer.yildiz@papirusymm.com<\/h5>\t\t\t\t<\/div>\n\t\t\t\t<\/div>\n\t\t\t\t<div class=\"elementor-element elementor-element-eb1c4d9 elementor-widget elementor-widget-hub_fancy_heading\" data-id=\"eb1c4d9\" data-element_type=\"widget\" data-e-type=\"widget\" data-widget_type=\"hub_fancy_heading.default\">\n\t\t\t\t<div class=\"elementor-widget-container\">\n\t\t\t\t\t\n\t\t<div id=\"ld-fancy-heading-69e39728ee67b\" class=\"ld-fancy-heading pos-rel\">\n\t\t\t<p class=\"ld-fh-element d-inline-block pos-rel  lqd-highlight-classic lqd-highlight-grow-left p\"  > 1987 y\u0131l\u0131nda do\u011fan \u00d6mer Y\u0131ld\u0131z ilk ve orta\u00f6\u011frenimini Van'da liseyi Osmaniyede tamamlad\u0131. <br><br>\n\n2006 y\u0131l\u0131nda Uluda\u011f \u00dcniversitesinde lisans e\u011fitimini tamamlamas\u0131n\u0131n akabinde 2013 y\u0131l\u0131nda vergi m\u00fcfetti\u015f yard\u0131mc\u0131s\u0131 olarak hazine ve maliye bakanl\u0131\u011f\u0131nda g\u00f6reve ba\u015flad\u0131.\n\nYard\u0131mc\u0131l\u0131k s\u00fcrecini tamamlad\u0131ktan sonra yeterlik s\u0131navlar\u0131ndan ba\u015far\u0131l\u0131 olarak m\u00fcfetti\u015f olarak atand\u0131.\n\nHazine ve maliye bakanl\u0131\u011f\u0131ndan \u00e7e\u015fitli grup ba\u015fkanl\u0131\u011f\u0131nda bir\u00e7ok g\u00f6revi yerine getirdi.<br><br>\n\n2022 y\u0131l\u0131ndan itibaren Papir\u00fcs YMM b\u00fcnyesinde \u00e7al\u0131\u015fmalar\u0131na devam etmektedir.<\/p>\t\t<\/div>\n\n\t\t\t\t\t\t<\/div>\n\t\t\t\t<\/div>\n\t\t\t\t<\/div>\n\t\t\t\t\t<\/div>\n\t\t<\/div>\n\t\t\t\t\t<\/div>\n\t\t<\/section>\n\t\t\t\t<\/div>\n\t\t","protected":false},"excerpt":{"rendered":"<p>\u00d6mer YILDIZ 1987 y\u0131l\u0131nda do\u011fan \u00d6mer Y\u0131ld\u0131z ilk ve orta\u00f6\u011frenimini Van&#8217;da liseyi Osmaniyede tamamlad\u0131. 2006 y\u0131l\u0131nda Uluda\u011f \u00dcniversitesinde lisans e\u011fitimini tamamlamas\u0131n\u0131n akabinde 2013 y\u0131l\u0131nda vergi m\u00fcfetti\u015f yard\u0131mc\u0131s\u0131 olarak hazine ve maliye bakanl\u0131\u011f\u0131nda g\u00f6reve ba\u015flad\u0131. Yard\u0131mc\u0131l\u0131k s\u00fcrecini tamamlad\u0131ktan sonra yeterlik s\u0131navlar\u0131ndan ba\u015far\u0131l\u0131 olarak m\u00fcfetti\u015f olarak atand\u0131. Hazine ve maliye bakanl\u0131\u011f\u0131ndan \u00e7e\u015fitli grup ba\u015fkanl\u0131\u011f\u0131nda bir\u00e7ok g\u00f6revi yerine [&hellip;]<\/p>\n","protected":false},"author":1,"featured_media":0,"parent":0,"menu_order":3,"comment_status":"closed","ping_status":"closed","template":"","meta":{"footnotes":""},"class_list":["post-4781","page","type-page","status-publish","hentry"],"yoast_head":"<!-- This site is optimized with the Yoast SEO plugin v27.0 - https:\/\/yoast.com\/product\/yoast-seo-wordpress\/ -->\n<title>\u00d6mer Y\u0131ld\u0131z - Papir\u00fcs YMM<\/title>\n<meta name=\"robots\" content=\"index, follow, max-snippet:-1, max-image-preview:large, max-video-preview:-1\" \/>\n<link rel=\"canonical\" href=\"https:\/\/papirusymm.com\/index.php\/omeryildiz\/\" \/>\n<meta property=\"og:locale\" content=\"tr_TR\" \/>\n<meta property=\"og:type\" content=\"article\" \/>\n<meta property=\"og:title\" content=\"\u00d6mer Y\u0131ld\u0131z - Papir\u00fcs YMM\" \/>\n<meta property=\"og:description\" content=\"\u00d6mer YILDIZ 1987 y\u0131l\u0131nda do\u011fan \u00d6mer Y\u0131ld\u0131z ilk ve orta\u00f6\u011frenimini Van&#8217;da liseyi Osmaniyede tamamlad\u0131. 2006 y\u0131l\u0131nda Uluda\u011f \u00dcniversitesinde lisans e\u011fitimini tamamlamas\u0131n\u0131n akabinde 2013 y\u0131l\u0131nda vergi m\u00fcfetti\u015f yard\u0131mc\u0131s\u0131 olarak hazine ve maliye bakanl\u0131\u011f\u0131nda g\u00f6reve ba\u015flad\u0131. Yard\u0131mc\u0131l\u0131k s\u00fcrecini tamamlad\u0131ktan sonra yeterlik s\u0131navlar\u0131ndan ba\u015far\u0131l\u0131 olarak m\u00fcfetti\u015f olarak atand\u0131. Hazine ve maliye bakanl\u0131\u011f\u0131ndan \u00e7e\u015fitli grup ba\u015fkanl\u0131\u011f\u0131nda bir\u00e7ok g\u00f6revi yerine [&hellip;]\" \/>\n<meta property=\"og:url\" content=\"https:\/\/papirusymm.com\/index.php\/omeryildiz\/\" \/>\n<meta property=\"og:site_name\" content=\"Papir\u00fcs YMM\" \/>\n<meta property=\"article:modified_time\" content=\"2025-02-21T11:29:37+00:00\" \/>\n<meta property=\"og:image\" content=\"https:\/\/papirusymm.com\/wp-content\/uploads\/2025\/02\/omeryildiz-683x1024.png\" \/>\n\t<meta property=\"og:image:width\" content=\"683\" \/>\n\t<meta property=\"og:image:height\" content=\"1024\" \/>\n\t<meta property=\"og:image:type\" content=\"image\/png\" \/>\n<meta name=\"twitter:card\" content=\"summary_large_image\" \/>\n<meta name=\"twitter:label1\" content=\"Tahmini okuma s\u00fcresi\" \/>\n\t<meta name=\"twitter:data1\" content=\"1 dakika\" \/>\n<script type=\"application\/ld+json\" class=\"yoast-schema-graph\">{\"@context\":\"https:\/\/schema.org\",\"@graph\":[{\"@type\":\"WebPage\",\"@id\":\"https:\/\/papirusymm.com\/index.php\/omeryildiz\/\",\"url\":\"https:\/\/papirusymm.com\/index.php\/omeryildiz\/\",\"name\":\"\u00d6mer Y\u0131ld\u0131z - Papir\u00fcs YMM\",\"isPartOf\":{\"@id\":\"https:\/\/papirusymm.com\/#website\"},\"primaryImageOfPage\":{\"@id\":\"https:\/\/papirusymm.com\/index.php\/omeryildiz\/#primaryimage\"},\"image\":{\"@id\":\"https:\/\/papirusymm.com\/index.php\/omeryildiz\/#primaryimage\"},\"thumbnailUrl\":\"https:\/\/papirusymm.com\/wp-content\/uploads\/2025\/02\/omeryildiz.png\",\"datePublished\":\"2021-05-27T06:11:54+00:00\",\"dateModified\":\"2025-02-21T11:29:37+00:00\",\"breadcrumb\":{\"@id\":\"https:\/\/papirusymm.com\/index.php\/omeryildiz\/#breadcrumb\"},\"inLanguage\":\"tr\",\"potentialAction\":[{\"@type\":\"ReadAction\",\"target\":[\"https:\/\/papirusymm.com\/index.php\/omeryildiz\/\"]}]},{\"@type\":\"ImageObject\",\"inLanguage\":\"tr\",\"@id\":\"https:\/\/papirusymm.com\/index.php\/omeryildiz\/#primaryimage\",\"url\":\"https:\/\/papirusymm.com\/wp-content\/uploads\/2025\/02\/omeryildiz.png\",\"contentUrl\":\"https:\/\/papirusymm.com\/wp-content\/uploads\/2025\/02\/omeryildiz.png\",\"width\":4160,\"height\":6240,\"caption\":\"\u00d6mer Y\u0131ld\u0131z'\u0131n foto\u011fraf\u0131\"},{\"@type\":\"BreadcrumbList\",\"@id\":\"https:\/\/papirusymm.com\/index.php\/omeryildiz\/#breadcrumb\",\"itemListElement\":[{\"@type\":\"ListItem\",\"position\":1,\"name\":\"Anasayfa\",\"item\":\"https:\/\/papirusymm.com\/\"},{\"@type\":\"ListItem\",\"position\":2,\"name\":\"\u00d6mer Y\u0131ld\u0131z\"}]},{\"@type\":\"WebSite\",\"@id\":\"https:\/\/papirusymm.com\/#website\",\"url\":\"https:\/\/papirusymm.com\/\",\"name\":\"Papir\u00fcs YMM\",\"description\":\"Papir\u00fcs Yeminli Mali M\u00fc\u015favirlik A\u015e\",\"publisher\":{\"@id\":\"https:\/\/papirusymm.com\/#organization\"},\"potentialAction\":[{\"@type\":\"SearchAction\",\"target\":{\"@type\":\"EntryPoint\",\"urlTemplate\":\"https:\/\/papirusymm.com\/?s={search_term_string}\"},\"query-input\":{\"@type\":\"PropertyValueSpecification\",\"valueRequired\":true,\"valueName\":\"search_term_string\"}}],\"inLanguage\":\"tr\"},{\"@type\":\"Organization\",\"@id\":\"https:\/\/papirusymm.com\/#organization\",\"name\":\"Papir\u00fcs Yeminli Mali M\u00fc\u015favirlik\",\"url\":\"https:\/\/papirusymm.com\/\",\"logo\":{\"@type\":\"ImageObject\",\"inLanguage\":\"tr\",\"@id\":\"https:\/\/papirusymm.com\/#\/schema\/logo\/image\/\",\"url\":\"https:\/\/papirusymm.com\/wp-content\/uploads\/2025\/02\/cropped-site-id.png\",\"contentUrl\":\"https:\/\/papirusymm.com\/wp-content\/uploads\/2025\/02\/cropped-site-id.png\",\"width\":512,\"height\":512,\"caption\":\"Papir\u00fcs Yeminli Mali M\u00fc\u015favirlik\"},\"image\":{\"@id\":\"https:\/\/papirusymm.com\/#\/schema\/logo\/image\/\"}}]}<\/script>\n<!-- \/ Yoast SEO plugin. -->","yoast_head_json":{"title":"\u00d6mer Y\u0131ld\u0131z - Papir\u00fcs YMM","robots":{"index":"index","follow":"follow","max-snippet":"max-snippet:-1","max-image-preview":"max-image-preview:large","max-video-preview":"max-video-preview:-1"},"canonical":"https:\/\/papirusymm.com\/index.php\/omeryildiz\/","og_locale":"tr_TR","og_type":"article","og_title":"\u00d6mer Y\u0131ld\u0131z - Papir\u00fcs YMM","og_description":"\u00d6mer YILDIZ 1987 y\u0131l\u0131nda do\u011fan \u00d6mer Y\u0131ld\u0131z ilk ve orta\u00f6\u011frenimini Van&#8217;da liseyi Osmaniyede tamamlad\u0131. 2006 y\u0131l\u0131nda Uluda\u011f \u00dcniversitesinde lisans e\u011fitimini tamamlamas\u0131n\u0131n akabinde 2013 y\u0131l\u0131nda vergi m\u00fcfetti\u015f yard\u0131mc\u0131s\u0131 olarak hazine ve maliye bakanl\u0131\u011f\u0131nda g\u00f6reve ba\u015flad\u0131. Yard\u0131mc\u0131l\u0131k s\u00fcrecini tamamlad\u0131ktan sonra yeterlik s\u0131navlar\u0131ndan ba\u015far\u0131l\u0131 olarak m\u00fcfetti\u015f olarak atand\u0131. Hazine ve maliye bakanl\u0131\u011f\u0131ndan \u00e7e\u015fitli grup ba\u015fkanl\u0131\u011f\u0131nda bir\u00e7ok g\u00f6revi yerine [&hellip;]","og_url":"https:\/\/papirusymm.com\/index.php\/omeryildiz\/","og_site_name":"Papir\u00fcs YMM","article_modified_time":"2025-02-21T11:29:37+00:00","og_image":[{"width":683,"height":1024,"url":"https:\/\/papirusymm.com\/wp-content\/uploads\/2025\/02\/omeryildiz-683x1024.png","type":"image\/png"}],"twitter_card":"summary_large_image","twitter_misc":{"Tahmini okuma s\u00fcresi":"1 dakika"},"schema":{"@context":"https:\/\/schema.org","@graph":[{"@type":"WebPage","@id":"https:\/\/papirusymm.com\/index.php\/omeryildiz\/","url":"https:\/\/papirusymm.com\/index.php\/omeryildiz\/","name":"\u00d6mer Y\u0131ld\u0131z - Papir\u00fcs YMM","isPartOf":{"@id":"https:\/\/papirusymm.com\/#website"},"primaryImageOfPage":{"@id":"https:\/\/papirusymm.com\/index.php\/omeryildiz\/#primaryimage"},"image":{"@id":"https:\/\/papirusymm.com\/index.php\/omeryildiz\/#primaryimage"},"thumbnailUrl":"https:\/\/papirusymm.com\/wp-content\/uploads\/2025\/02\/omeryildiz.png","datePublished":"2021-05-27T06:11:54+00:00","dateModified":"2025-02-21T11:29:37+00:00","breadcrumb":{"@id":"https:\/\/papirusymm.com\/index.php\/omeryildiz\/#breadcrumb"},"inLanguage":"tr","potentialAction":[{"@type":"ReadAction","target":["https:\/\/papirusymm.com\/index.php\/omeryildiz\/"]}]},{"@type":"ImageObject","inLanguage":"tr","@id":"https:\/\/papirusymm.com\/index.php\/omeryildiz\/#primaryimage","url":"https:\/\/papirusymm.com\/wp-content\/uploads\/2025\/02\/omeryildiz.png","contentUrl":"https:\/\/papirusymm.com\/wp-content\/uploads\/2025\/02\/omeryildiz.png","width":4160,"height":6240,"caption":"\u00d6mer Y\u0131ld\u0131z'\u0131n foto\u011fraf\u0131"},{"@type":"BreadcrumbList","@id":"https:\/\/papirusymm.com\/index.php\/omeryildiz\/#breadcrumb","itemListElement":[{"@type":"ListItem","position":1,"name":"Anasayfa","item":"https:\/\/papirusymm.com\/"},{"@type":"ListItem","position":2,"name":"\u00d6mer Y\u0131ld\u0131z"}]},{"@type":"WebSite","@id":"https:\/\/papirusymm.com\/#website","url":"https:\/\/papirusymm.com\/","name":"Papir\u00fcs YMM","description":"Papir\u00fcs Yeminli Mali M\u00fc\u015favirlik A\u015e","publisher":{"@id":"https:\/\/papirusymm.com\/#organization"},"potentialAction":[{"@type":"SearchAction","target":{"@type":"EntryPoint","urlTemplate":"https:\/\/papirusymm.com\/?s={search_term_string}"},"query-input":{"@type":"PropertyValueSpecification","valueRequired":true,"valueName":"search_term_string"}}],"inLanguage":"tr"},{"@type":"Organization","@id":"https:\/\/papirusymm.com\/#organization","name":"Papir\u00fcs Yeminli Mali M\u00fc\u015favirlik","url":"https:\/\/papirusymm.com\/","logo":{"@type":"ImageObject","inLanguage":"tr","@id":"https:\/\/papirusymm.com\/#\/schema\/logo\/image\/","url":"https:\/\/papirusymm.com\/wp-content\/uploads\/2025\/02\/cropped-site-id.png","contentUrl":"https:\/\/papirusymm.com\/wp-content\/uploads\/2025\/02\/cropped-site-id.png","width":512,"height":512,"caption":"Papir\u00fcs Yeminli Mali M\u00fc\u015favirlik"},"image":{"@id":"https:\/\/papirusymm.com\/#\/schema\/logo\/image\/"}}]}},"_links":{"self":[{"href":"https:\/\/papirusymm.com\/index.php\/wp-json\/wp\/v2\/pages\/4781","targetHints":{"allow":["GET"]}}],"collection":[{"href":"https:\/\/papirusymm.com\/index.php\/wp-json\/wp\/v2\/pages"}],"about":[{"href":"https:\/\/papirusymm.com\/index.php\/wp-json\/wp\/v2\/types\/page"}],"author":[{"embeddable":true,"href":"https:\/\/papirusymm.com\/index.php\/wp-json\/wp\/v2\/users\/1"}],"replies":[{"embeddable":true,"href":"https:\/\/papirusymm.com\/index.php\/wp-json\/wp\/v2\/comments?post=4781"}],"version-history":[{"count":29,"href":"https:\/\/papirusymm.com\/index.php\/wp-json\/wp\/v2\/pages\/4781\/revisions"}],"predecessor-version":[{"id":6552,"href":"https:\/\/papirusymm.com\/index.php\/wp-json\/wp\/v2\/pages\/4781\/revisions\/6552"}],"wp:attachment":[{"href":"https:\/\/papirusymm.com\/index.php\/wp-json\/wp\/v2\/media?parent=4781"}],"curies":[{"name":"wp","href":"https:\/\/api.w.org\/{rel}","templated":true}]}}