{"id":4901,"date":"2025-02-13T16:58:03","date_gmt":"2025-02-13T13:58:03","guid":{"rendered":"https:\/\/papirusymm.com\/?page_id=4901"},"modified":"2025-02-13T16:58:05","modified_gmt":"2025-02-13T13:58:05","slug":"hizmetlerimiz","status":"publish","type":"page","link":"https:\/\/papirusymm.com\/index.php\/hizmetlerimiz\/","title":{"rendered":"Hizmetlerimiz"},"content":{"rendered":"","protected":false},"excerpt":{"rendered":"","protected":false},"author":1,"featured_media":0,"parent":0,"menu_order":0,"comment_status":"closed","ping_status":"closed","template":"","meta":{"footnotes":""},"class_list":["post-4901","page","type-page","status-publish","hentry"],"yoast_head":"<!-- This site is optimized with the Yoast SEO plugin v27.0 - https:\/\/yoast.com\/product\/yoast-seo-wordpress\/ -->\n<title>Hizmetlerimiz - Papir\u00fcs YMM<\/title>\n<meta name=\"robots\" content=\"index, follow, max-snippet:-1, max-image-preview:large, max-video-preview:-1\" \/>\n<link rel=\"canonical\" href=\"https:\/\/papirusymm.com\/index.php\/hizmetlerimiz\/\" \/>\n<meta property=\"og:locale\" content=\"tr_TR\" \/>\n<meta property=\"og:type\" content=\"article\" \/>\n<meta property=\"og:title\" content=\"Hizmetlerimiz - Papir\u00fcs YMM\" \/>\n<meta property=\"og:url\" content=\"https:\/\/papirusymm.com\/index.php\/hizmetlerimiz\/\" \/>\n<meta property=\"og:site_name\" content=\"Papir\u00fcs YMM\" \/>\n<meta property=\"article:modified_time\" content=\"2025-02-13T13:58:05+00:00\" \/>\n<meta name=\"twitter:card\" content=\"summary_large_image\" \/>\n<script type=\"application\/ld+json\" class=\"yoast-schema-graph\">{\"@context\":\"https:\/\/schema.org\",\"@graph\":[{\"@type\":\"WebPage\",\"@id\":\"https:\/\/papirusymm.com\/index.php\/hizmetlerimiz\/\",\"url\":\"https:\/\/papirusymm.com\/index.php\/hizmetlerimiz\/\",\"name\":\"Hizmetlerimiz - Papir\u00fcs YMM\",\"isPartOf\":{\"@id\":\"https:\/\/papirusymm.com\/#website\"},\"datePublished\":\"2025-02-13T13:58:03+00:00\",\"dateModified\":\"2025-02-13T13:58:05+00:00\",\"breadcrumb\":{\"@id\":\"https:\/\/papirusymm.com\/index.php\/hizmetlerimiz\/#breadcrumb\"},\"inLanguage\":\"tr\",\"potentialAction\":[{\"@type\":\"ReadAction\",\"target\":[\"https:\/\/papirusymm.com\/index.php\/hizmetlerimiz\/\"]}]},{\"@type\":\"BreadcrumbList\",\"@id\":\"https:\/\/papirusymm.com\/index.php\/hizmetlerimiz\/#breadcrumb\",\"itemListElement\":[{\"@type\":\"ListItem\",\"position\":1,\"name\":\"Anasayfa\",\"item\":\"https:\/\/papirusymm.com\/\"},{\"@type\":\"ListItem\",\"position\":2,\"name\":\"Hizmetlerimiz\"}]},{\"@type\":\"WebSite\",\"@id\":\"https:\/\/papirusymm.com\/#website\",\"url\":\"https:\/\/papirusymm.com\/\",\"name\":\"Papir\u00fcs YMM\",\"description\":\"Papir\u00fcs Yeminli Mali M\u00fc\u015favirlik A\u015e\",\"publisher\":{\"@id\":\"https:\/\/papirusymm.com\/#organization\"},\"potentialAction\":[{\"@type\":\"SearchAction\",\"target\":{\"@type\":\"EntryPoint\",\"urlTemplate\":\"https:\/\/papirusymm.com\/?s={search_term_string}\"},\"query-input\":{\"@type\":\"PropertyValueSpecification\",\"valueRequired\":true,\"valueName\":\"search_term_string\"}}],\"inLanguage\":\"tr\"},{\"@type\":\"Organization\",\"@id\":\"https:\/\/papirusymm.com\/#organization\",\"name\":\"Papir\u00fcs Yeminli Mali M\u00fc\u015favirlik\",\"url\":\"https:\/\/papirusymm.com\/\",\"logo\":{\"@type\":\"ImageObject\",\"inLanguage\":\"tr\",\"@id\":\"https:\/\/papirusymm.com\/#\/schema\/logo\/image\/\",\"url\":\"https:\/\/papirusymm.com\/wp-content\/uploads\/2025\/02\/cropped-site-id.png\",\"contentUrl\":\"https:\/\/papirusymm.com\/wp-content\/uploads\/2025\/02\/cropped-site-id.png\",\"width\":512,\"height\":512,\"caption\":\"Papir\u00fcs Yeminli Mali M\u00fc\u015favirlik\"},\"image\":{\"@id\":\"https:\/\/papirusymm.com\/#\/schema\/logo\/image\/\"}}]}<\/script>\n<!-- \/ Yoast SEO plugin. -->","yoast_head_json":{"title":"Hizmetlerimiz - Papir\u00fcs YMM","robots":{"index":"index","follow":"follow","max-snippet":"max-snippet:-1","max-image-preview":"max-image-preview:large","max-video-preview":"max-video-preview:-1"},"canonical":"https:\/\/papirusymm.com\/index.php\/hizmetlerimiz\/","og_locale":"tr_TR","og_type":"article","og_title":"Hizmetlerimiz - Papir\u00fcs YMM","og_url":"https:\/\/papirusymm.com\/index.php\/hizmetlerimiz\/","og_site_name":"Papir\u00fcs YMM","article_modified_time":"2025-02-13T13:58:05+00:00","twitter_card":"summary_large_image","schema":{"@context":"https:\/\/schema.org","@graph":[{"@type":"WebPage","@id":"https:\/\/papirusymm.com\/index.php\/hizmetlerimiz\/","url":"https:\/\/papirusymm.com\/index.php\/hizmetlerimiz\/","name":"Hizmetlerimiz - Papir\u00fcs YMM","isPartOf":{"@id":"https:\/\/papirusymm.com\/#website"},"datePublished":"2025-02-13T13:58:03+00:00","dateModified":"2025-02-13T13:58:05+00:00","breadcrumb":{"@id":"https:\/\/papirusymm.com\/index.php\/hizmetlerimiz\/#breadcrumb"},"inLanguage":"tr","potentialAction":[{"@type":"ReadAction","target":["https:\/\/papirusymm.com\/index.php\/hizmetlerimiz\/"]}]},{"@type":"BreadcrumbList","@id":"https:\/\/papirusymm.com\/index.php\/hizmetlerimiz\/#breadcrumb","itemListElement":[{"@type":"ListItem","position":1,"name":"Anasayfa","item":"https:\/\/papirusymm.com\/"},{"@type":"ListItem","position":2,"name":"Hizmetlerimiz"}]},{"@type":"WebSite","@id":"https:\/\/papirusymm.com\/#website","url":"https:\/\/papirusymm.com\/","name":"Papir\u00fcs YMM","description":"Papir\u00fcs Yeminli Mali M\u00fc\u015favirlik A\u015e","publisher":{"@id":"https:\/\/papirusymm.com\/#organization"},"potentialAction":[{"@type":"SearchAction","target":{"@type":"EntryPoint","urlTemplate":"https:\/\/papirusymm.com\/?s={search_term_string}"},"query-input":{"@type":"PropertyValueSpecification","valueRequired":true,"valueName":"search_term_string"}}],"inLanguage":"tr"},{"@type":"Organization","@id":"https:\/\/papirusymm.com\/#organization","name":"Papir\u00fcs Yeminli Mali M\u00fc\u015favirlik","url":"https:\/\/papirusymm.com\/","logo":{"@type":"ImageObject","inLanguage":"tr","@id":"https:\/\/papirusymm.com\/#\/schema\/logo\/image\/","url":"https:\/\/papirusymm.com\/wp-content\/uploads\/2025\/02\/cropped-site-id.png","contentUrl":"https:\/\/papirusymm.com\/wp-content\/uploads\/2025\/02\/cropped-site-id.png","width":512,"height":512,"caption":"Papir\u00fcs Yeminli Mali M\u00fc\u015favirlik"},"image":{"@id":"https:\/\/papirusymm.com\/#\/schema\/logo\/image\/"}}]}},"_links":{"self":[{"href":"https:\/\/papirusymm.com\/index.php\/wp-json\/wp\/v2\/pages\/4901","targetHints":{"allow":["GET"]}}],"collection":[{"href":"https:\/\/papirusymm.com\/index.php\/wp-json\/wp\/v2\/pages"}],"about":[{"href":"https:\/\/papirusymm.com\/index.php\/wp-json\/wp\/v2\/types\/page"}],"author":[{"embeddable":true,"href":"https:\/\/papirusymm.com\/index.php\/wp-json\/wp\/v2\/users\/1"}],"replies":[{"embeddable":true,"href":"https:\/\/papirusymm.com\/index.php\/wp-json\/wp\/v2\/comments?post=4901"}],"version-history":[{"count":1,"href":"https:\/\/papirusymm.com\/index.php\/wp-json\/wp\/v2\/pages\/4901\/revisions"}],"predecessor-version":[{"id":4902,"href":"https:\/\/papirusymm.com\/index.php\/wp-json\/wp\/v2\/pages\/4901\/revisions\/4902"}],"wp:attachment":[{"href":"https:\/\/papirusymm.com\/index.php\/wp-json\/wp\/v2\/media?parent=4901"}],"curies":[{"name":"wp","href":"https:\/\/api.w.org\/{rel}","templated":true}]}}