{"id":4915,"date":"2025-02-10T17:50:12","date_gmt":"2025-02-10T14:50:12","guid":{"rendered":"https:\/\/papirusymm.com\/?page_id=4915"},"modified":"2025-02-21T14:32:58","modified_gmt":"2025-02-21T11:32:58","slug":"vergi-inceleme-danismanligi","status":"publish","type":"page","link":"https:\/\/papirusymm.com\/index.php\/vergi-inceleme-danismanligi\/","title":{"rendered":"Vergi \u0130nceleme Dan\u0131\u015fmanl\u0131\u011f\u0131 Hizmetleri"},"content":{"rendered":"\t\t<div data-elementor-type=\"wp-page\" data-elementor-id=\"4915\" class=\"elementor elementor-4915\" data-elementor-post-type=\"page\">\n\t\t\t\t<div class=\"elementor-element elementor-element-204a5705 elementor-hidden-tablet elementor-hidden-mobile e-flex e-con-boxed e-con e-parent\" data-id=\"204a5705\" data-element_type=\"container\" data-e-type=\"container\">\n\t\t\t\t\t<div class=\"e-con-inner\">\n\t\t<div class=\"elementor-element elementor-element-5a92598c e-con-full e-flex e-con e-child\" data-id=\"5a92598c\" data-element_type=\"container\" data-e-type=\"container\">\n\t\t\t\t<div class=\"elementor-element elementor-element-2e077f5d elementor-widget elementor-widget-ld_fancy_image\" data-id=\"2e077f5d\" data-element_type=\"widget\" data-e-type=\"widget\" data-widget_type=\"ld_fancy_image.default\">\n\t\t\t\t<div class=\"elementor-widget-container\">\n\t\t\t\t\t\n\t\t<div class=\"lqd-imggrp-single d-block pos-rel perspective\" data-hover3d=\"true\">\n\t\t\t<div class=\"lqd-imggrp-img-container d-inline-flex pos-rel align-items-center justify-content-center transform-style-3d\">\n\t\t\t\t\t\t\t\t<figure class=\"w-100 pos-rel\" data-stacking-factor=\"1\">\n\t\t\t\t\t<img fetchpriority=\"high\" decoding=\"async\" width=\"3000\" height=\"2901\" src=\"https:\/\/papirusymm.com\/wp-content\/uploads\/2025\/02\/3@3x.png\" class=\"attachment-full size-full wp-image-4941\" alt=\"Vergi \u0130nceleme Dan\u0131\u015fmanl\u0131\u011f\u0131 Hizmetlerinin g\u00f6rseli\" srcset=\"https:\/\/papirusymm.com\/wp-content\/uploads\/2025\/02\/3@3x.png 3000w, https:\/\/papirusymm.com\/wp-content\/uploads\/2025\/02\/3@3x-300x290.png 300w, https:\/\/papirusymm.com\/wp-content\/uploads\/2025\/02\/3@3x-1024x990.png 1024w, https:\/\/papirusymm.com\/wp-content\/uploads\/2025\/02\/3@3x-1536x1485.png 1536w, https:\/\/papirusymm.com\/wp-content\/uploads\/2025\/02\/3@3x-2048x1980.png 2048w\" sizes=\"(max-width: 3000px) 100vw, 3000px\" itemprop=\"image\" \/>\t\t\t\t\t\t\t\t\t\t\t\t\t\t\t\t\t\t\t\t\t\t\t\t\t\t\t\t\t<\/figure>\n\t\t\t<\/div>\n\t\t<\/div>\n\n\t\t\t\t\t<\/div>\n\t\t\t\t<\/div>\n\t\t\t\t<\/div>\n\t\t<div class=\"elementor-element elementor-element-17858b77 e-con-full e-flex e-con e-child\" data-id=\"17858b77\" data-element_type=\"container\" data-e-type=\"container\">\n\t\t\t\t<div class=\"elementor-element elementor-element-c7f5876 elementor-widget elementor-widget-hub_fancy_heading\" data-id=\"c7f5876\" data-element_type=\"widget\" data-e-type=\"widget\" data-widget_type=\"hub_fancy_heading.default\">\n\t\t\t\t<div class=\"elementor-widget-container\">\n\t\t\t\t\t\n\t\t<div id=\"ld-fancy-heading-69e37fb49b2b6\" class=\"ld-fancy-heading pos-rel\">\n\t\t\t<h6 class=\"ld-fh-element d-inline-block pos-rel  elementor-heading-title lqd-highlight-classic lqd-highlight-grow-left h6\"  > \u2726 Hizmetlerimiz<\/h6>\t\t<\/div>\n\n\t\t\t\t\t\t<\/div>\n\t\t\t\t<\/div>\n\t\t\t\t<div class=\"elementor-element elementor-element-3ac8a29b elementor-widget elementor-widget-hub_fancy_heading lqd-el-has-inner-anim\" data-id=\"3ac8a29b\" data-element_type=\"widget\" data-e-type=\"widget\" data-settings=\"{&quot;enable_split&quot;:&quot;true&quot;,&quot;split_type&quot;:&quot;words&quot;}\" data-widget_type=\"hub_fancy_heading.default\">\n\t\t\t\t<div class=\"elementor-widget-container\">\n\t\t\t\t\t\n\t\t<div id=\"ld-fancy-heading-69e37fb49bf8a\" class=\"ld-fancy-heading pos-rel\">\n\t\t\t<h2 class=\"ld-fh-element d-inline-block pos-rel  elementor-heading-title lqd-highlight-classic lqd-highlight-grow-left lqd-split-words h2\"  data-split-text=\"true\" data-split-options='{\"type\":\"words\"}'> Vergi \u0130nceleme Dan\u0131\u015fmanl\u0131\u011f\u0131 Hizmetleri<\/h2>\t\t<\/div>\n\n\t\t\t\t\t\t<\/div>\n\t\t\t\t<\/div>\n\t\t\t\t<div class=\"elementor-element elementor-element-7d003f32 elementor-widget elementor-widget-hub_fancy_heading\" data-id=\"7d003f32\" data-element_type=\"widget\" data-e-type=\"widget\" data-widget_type=\"hub_fancy_heading.default\">\n\t\t\t\t<div class=\"elementor-widget-container\">\n\t\t\t\t\t\n\t\t<div id=\"ld-fancy-heading-69e37fb49cb8b\" class=\"ld-fancy-heading pos-rel\">\n\t\t\t<p class=\"ld-fh-element d-inline-block pos-rel  lqd-highlight-classic lqd-highlight-grow-left p\"  > Vergi \u0130nceleme Dan\u0131\u015fmanl\u0131\u011f\u0131 Hizmeti,\u00a0i\u015fletmelerin vergi incelemeleri s\u00fcrecinde g\u00fcvenilir bir dan\u0131\u015fmanl\u0131k hizmeti alarak, vergi y\u00fck\u00fcml\u00fcl\u00fcklerini eksiksiz ve do\u011fru bir \u015fekilde yerine getirmelerini sa\u011flar. Bu hizmetle, i\u015fletmelerin vergi risklerini minimize etmeleri ve vergi mevzuat\u0131na tam uyum sa\u011flamalar\u0131 hedeflenir.<\/p>\t\t<\/div>\n\n\t\t\t\t\t\t<\/div>\n\t\t\t\t<\/div>\n\t\t\t\t<\/div>\n\t\t\t\t\t<\/div>\n\t\t\t\t<\/div>\n\t\t<div class=\"elementor-element elementor-element-494ce6b elementor-hidden-desktop e-flex e-con-boxed e-con e-parent\" data-id=\"494ce6b\" data-element_type=\"container\" data-e-type=\"container\">\n\t\t\t\t\t<div class=\"e-con-inner\">\n\t\t<div class=\"elementor-element elementor-element-28140d1 e-con-full e-flex e-con e-child\" data-id=\"28140d1\" data-element_type=\"container\" data-e-type=\"container\">\n\t\t\t\t<div class=\"elementor-element elementor-element-8a0995d elementor-widget-tablet__width-initial elementor-widget elementor-widget-ld_fancy_image\" data-id=\"8a0995d\" data-element_type=\"widget\" data-e-type=\"widget\" data-widget_type=\"ld_fancy_image.default\">\n\t\t\t\t<div class=\"elementor-widget-container\">\n\t\t\t\t\t\n\t\t<div class=\"lqd-imggrp-single d-block pos-rel perspective\" data-hover3d=\"true\">\n\t\t\t<div class=\"lqd-imggrp-img-container d-inline-flex pos-rel align-items-center justify-content-center transform-style-3d\">\n\t\t\t\t\t\t\t\t<figure class=\"w-100 pos-rel\" data-stacking-factor=\"1\">\n\t\t\t\t\t<img decoding=\"async\" width=\"3000\" height=\"2901\" src=\"data:image\/svg+xml;charset=utf-8,%3Csvg xmlns%3D&#039;http%3A%2F%2Fwww.w3.org%2F2000%2Fsvg&#039; viewBox%3D&#039;0 0 3000 2901&#039;%2F%3E\" class=\"attachment-full size-full wp-image-4941 ld-lazyload\" alt=\"Vergi \u0130nceleme Dan\u0131\u015fmanl\u0131\u011f\u0131 Hizmetlerinin g\u00f6rseli\" itemprop=\"image\" data-src=\"https:\/\/papirusymm.com\/wp-content\/uploads\/2025\/02\/3@3x.png\" data-srcset=\"https:\/\/papirusymm.com\/wp-content\/uploads\/2025\/02\/3@3x.png 3000w, https:\/\/papirusymm.com\/wp-content\/uploads\/2025\/02\/3@3x-300x290.png 300w, https:\/\/papirusymm.com\/wp-content\/uploads\/2025\/02\/3@3x-1024x990.png 1024w, https:\/\/papirusymm.com\/wp-content\/uploads\/2025\/02\/3@3x-1536x1485.png 1536w, https:\/\/papirusymm.com\/wp-content\/uploads\/2025\/02\/3@3x-2048x1980.png 2048w\" data-sizes=\"(max-width: 3000px) 100vw, 3000px\" data-aspect=\"1.0341261633919\" \/>\t\t\t\t\t\t\t\t\t\t\t\t\t\t\t\t\t\t\t\t\t\t\t\t\t\t\t\t\t<\/figure>\n\t\t\t<\/div>\n\t\t<\/div>\n\n\t\t\t\t\t<\/div>\n\t\t\t\t<\/div>\n\t\t\t\t<div class=\"elementor-element elementor-element-497733d elementor-widget elementor-widget-hub_fancy_heading\" data-id=\"497733d\" data-element_type=\"widget\" data-e-type=\"widget\" data-widget_type=\"hub_fancy_heading.default\">\n\t\t\t\t<div class=\"elementor-widget-container\">\n\t\t\t\t\t\n\t\t<div id=\"ld-fancy-heading-69e37fb4ac55a\" class=\"ld-fancy-heading pos-rel\">\n\t\t\t<h6 class=\"ld-fh-element d-inline-block pos-rel  elementor-heading-title lqd-highlight-classic lqd-highlight-grow-left h6\"  > \u2726 Hizmetlerimiz<\/h6>\t\t<\/div>\n\n\t\t\t\t\t\t<\/div>\n\t\t\t\t<\/div>\n\t\t\t\t<div class=\"elementor-element elementor-element-69fe321 elementor-widget elementor-widget-hub_fancy_heading lqd-el-has-inner-anim\" data-id=\"69fe321\" data-element_type=\"widget\" data-e-type=\"widget\" data-settings=\"{&quot;enable_split&quot;:&quot;true&quot;,&quot;split_type&quot;:&quot;words&quot;}\" data-widget_type=\"hub_fancy_heading.default\">\n\t\t\t\t<div class=\"elementor-widget-container\">\n\t\t\t\t\t\n\t\t<div id=\"ld-fancy-heading-69e37fb4ad94c\" class=\"ld-fancy-heading pos-rel\">\n\t\t\t<h2 class=\"ld-fh-element d-inline-block pos-rel  elementor-heading-title lqd-highlight-classic lqd-highlight-grow-left lqd-split-words h2\"  data-split-text=\"true\" data-split-options='{\"type\":\"words\"}'> Vergi \u0130nceleme Dan\u0131\u015fmanl\u0131\u011f\u0131 Hizmetleri<\/h2>\t\t<\/div>\n\n\t\t\t\t\t\t<\/div>\n\t\t\t\t<\/div>\n\t\t\t\t<div class=\"elementor-element elementor-element-dc9937f elementor-widget elementor-widget-hub_fancy_heading\" data-id=\"dc9937f\" data-element_type=\"widget\" data-e-type=\"widget\" data-widget_type=\"hub_fancy_heading.default\">\n\t\t\t\t<div class=\"elementor-widget-container\">\n\t\t\t\t\t\n\t\t<div id=\"ld-fancy-heading-69e37fb4aeea4\" class=\"ld-fancy-heading pos-rel\">\n\t\t\t<p class=\"ld-fh-element d-inline-block pos-rel  lqd-highlight-classic lqd-highlight-grow-left p\"  > Vergi \u0130nceleme Dan\u0131\u015fmanl\u0131\u011f\u0131 Hizmeti,\u00a0i\u015fletmelerin vergi incelemeleri s\u00fcrecinde g\u00fcvenilir bir dan\u0131\u015fmanl\u0131k hizmeti alarak, vergi y\u00fck\u00fcml\u00fcl\u00fcklerini eksiksiz ve do\u011fru bir \u015fekilde yerine getirmelerini sa\u011flar. Bu hizmetle, i\u015fletmelerin vergi risklerini minimize etmeleri ve vergi mevzuat\u0131na tam uyum sa\u011flamalar\u0131 hedeflenir.<\/p>\t\t<\/div>\n\n\t\t\t\t\t\t<\/div>\n\t\t\t\t<\/div>\n\t\t\t\t<\/div>\n\t\t\t\t\t<\/div>\n\t\t\t\t<\/div>\n\t\t\t\t<\/div>\n\t\t","protected":false},"excerpt":{"rendered":"<p>\u2726 Hizmetlerimiz Vergi \u0130nceleme Dan\u0131\u015fmanl\u0131\u011f\u0131 Hizmetleri Vergi \u0130nceleme Dan\u0131\u015fmanl\u0131\u011f\u0131 Hizmeti,\u00a0i\u015fletmelerin vergi incelemeleri s\u00fcrecinde g\u00fcvenilir bir dan\u0131\u015fmanl\u0131k hizmeti alarak, vergi y\u00fck\u00fcml\u00fcl\u00fcklerini eksiksiz ve do\u011fru bir \u015fekilde yerine getirmelerini sa\u011flar. Bu hizmetle, i\u015fletmelerin vergi risklerini minimize etmeleri ve vergi mevzuat\u0131na tam uyum sa\u011flamalar\u0131 hedeflenir. \u2726 Hizmetlerimiz Vergi \u0130nceleme Dan\u0131\u015fmanl\u0131\u011f\u0131 Hizmetleri Vergi \u0130nceleme Dan\u0131\u015fmanl\u0131\u011f\u0131 Hizmeti,\u00a0i\u015fletmelerin vergi incelemeleri s\u00fcrecinde [&hellip;]<\/p>\n","protected":false},"author":1,"featured_media":0,"parent":0,"menu_order":0,"comment_status":"closed","ping_status":"closed","template":"","meta":{"footnotes":""},"class_list":["post-4915","page","type-page","status-publish","hentry"],"yoast_head":"<!-- This site is optimized with the Yoast SEO plugin v27.0 - https:\/\/yoast.com\/product\/yoast-seo-wordpress\/ -->\n<title>Vergi \u0130nceleme Dan\u0131\u015fmanl\u0131\u011f\u0131 Hizmetleri - Papir\u00fcs YMM<\/title>\n<meta name=\"robots\" content=\"index, follow, max-snippet:-1, max-image-preview:large, max-video-preview:-1\" \/>\n<link rel=\"canonical\" href=\"https:\/\/papirusymm.com\/index.php\/vergi-inceleme-danismanligi\/\" \/>\n<meta property=\"og:locale\" content=\"tr_TR\" \/>\n<meta property=\"og:type\" content=\"article\" \/>\n<meta property=\"og:title\" content=\"Vergi \u0130nceleme Dan\u0131\u015fmanl\u0131\u011f\u0131 Hizmetleri - Papir\u00fcs YMM\" \/>\n<meta property=\"og:description\" content=\"\u2726 Hizmetlerimiz Vergi \u0130nceleme Dan\u0131\u015fmanl\u0131\u011f\u0131 Hizmetleri Vergi \u0130nceleme Dan\u0131\u015fmanl\u0131\u011f\u0131 Hizmeti,\u00a0i\u015fletmelerin vergi incelemeleri s\u00fcrecinde g\u00fcvenilir bir dan\u0131\u015fmanl\u0131k hizmeti alarak, vergi y\u00fck\u00fcml\u00fcl\u00fcklerini eksiksiz ve do\u011fru bir \u015fekilde yerine getirmelerini sa\u011flar. Bu hizmetle, i\u015fletmelerin vergi risklerini minimize etmeleri ve vergi mevzuat\u0131na tam uyum sa\u011flamalar\u0131 hedeflenir. \u2726 Hizmetlerimiz Vergi \u0130nceleme Dan\u0131\u015fmanl\u0131\u011f\u0131 Hizmetleri Vergi \u0130nceleme Dan\u0131\u015fmanl\u0131\u011f\u0131 Hizmeti,\u00a0i\u015fletmelerin vergi incelemeleri s\u00fcrecinde [&hellip;]\" \/>\n<meta property=\"og:url\" content=\"https:\/\/papirusymm.com\/index.php\/vergi-inceleme-danismanligi\/\" \/>\n<meta property=\"og:site_name\" content=\"Papir\u00fcs YMM\" \/>\n<meta property=\"article:modified_time\" content=\"2025-02-21T11:32:58+00:00\" \/>\n<meta property=\"og:image\" content=\"https:\/\/papirusymm.com\/wp-content\/uploads\/2025\/02\/3@3x.png\" \/>\n\t<meta property=\"og:image:width\" content=\"3000\" \/>\n\t<meta property=\"og:image:height\" content=\"2901\" \/>\n\t<meta property=\"og:image:type\" content=\"image\/png\" \/>\n<meta name=\"twitter:card\" content=\"summary_large_image\" \/>\n<meta name=\"twitter:label1\" content=\"Tahmini okuma s\u00fcresi\" \/>\n\t<meta name=\"twitter:data1\" content=\"1 dakika\" \/>\n<script type=\"application\/ld+json\" class=\"yoast-schema-graph\">{\"@context\":\"https:\/\/schema.org\",\"@graph\":[{\"@type\":\"WebPage\",\"@id\":\"https:\/\/papirusymm.com\/index.php\/vergi-inceleme-danismanligi\/\",\"url\":\"https:\/\/papirusymm.com\/index.php\/vergi-inceleme-danismanligi\/\",\"name\":\"Vergi \u0130nceleme Dan\u0131\u015fmanl\u0131\u011f\u0131 Hizmetleri - Papir\u00fcs YMM\",\"isPartOf\":{\"@id\":\"https:\/\/papirusymm.com\/#website\"},\"primaryImageOfPage\":{\"@id\":\"https:\/\/papirusymm.com\/index.php\/vergi-inceleme-danismanligi\/#primaryimage\"},\"image\":{\"@id\":\"https:\/\/papirusymm.com\/index.php\/vergi-inceleme-danismanligi\/#primaryimage\"},\"thumbnailUrl\":\"https:\/\/papirusymm.com\/wp-content\/uploads\/2025\/02\/3@3x.png\",\"datePublished\":\"2025-02-10T14:50:12+00:00\",\"dateModified\":\"2025-02-21T11:32:58+00:00\",\"breadcrumb\":{\"@id\":\"https:\/\/papirusymm.com\/index.php\/vergi-inceleme-danismanligi\/#breadcrumb\"},\"inLanguage\":\"tr\",\"potentialAction\":[{\"@type\":\"ReadAction\",\"target\":[\"https:\/\/papirusymm.com\/index.php\/vergi-inceleme-danismanligi\/\"]}]},{\"@type\":\"ImageObject\",\"inLanguage\":\"tr\",\"@id\":\"https:\/\/papirusymm.com\/index.php\/vergi-inceleme-danismanligi\/#primaryimage\",\"url\":\"https:\/\/papirusymm.com\/wp-content\/uploads\/2025\/02\/3@3x.png\",\"contentUrl\":\"https:\/\/papirusymm.com\/wp-content\/uploads\/2025\/02\/3@3x.png\",\"width\":3000,\"height\":2901,\"caption\":\"Vergi \u0130nceleme Dan\u0131\u015fmanl\u0131\u011f\u0131 Hizmetleri\"},{\"@type\":\"BreadcrumbList\",\"@id\":\"https:\/\/papirusymm.com\/index.php\/vergi-inceleme-danismanligi\/#breadcrumb\",\"itemListElement\":[{\"@type\":\"ListItem\",\"position\":1,\"name\":\"Anasayfa\",\"item\":\"https:\/\/papirusymm.com\/\"},{\"@type\":\"ListItem\",\"position\":2,\"name\":\"Vergi \u0130nceleme Dan\u0131\u015fmanl\u0131\u011f\u0131 Hizmetleri\"}]},{\"@type\":\"WebSite\",\"@id\":\"https:\/\/papirusymm.com\/#website\",\"url\":\"https:\/\/papirusymm.com\/\",\"name\":\"Papir\u00fcs YMM\",\"description\":\"Papir\u00fcs Yeminli Mali M\u00fc\u015favirlik A\u015e\",\"publisher\":{\"@id\":\"https:\/\/papirusymm.com\/#organization\"},\"potentialAction\":[{\"@type\":\"SearchAction\",\"target\":{\"@type\":\"EntryPoint\",\"urlTemplate\":\"https:\/\/papirusymm.com\/?s={search_term_string}\"},\"query-input\":{\"@type\":\"PropertyValueSpecification\",\"valueRequired\":true,\"valueName\":\"search_term_string\"}}],\"inLanguage\":\"tr\"},{\"@type\":\"Organization\",\"@id\":\"https:\/\/papirusymm.com\/#organization\",\"name\":\"Papir\u00fcs Yeminli Mali M\u00fc\u015favirlik\",\"url\":\"https:\/\/papirusymm.com\/\",\"logo\":{\"@type\":\"ImageObject\",\"inLanguage\":\"tr\",\"@id\":\"https:\/\/papirusymm.com\/#\/schema\/logo\/image\/\",\"url\":\"https:\/\/papirusymm.com\/wp-content\/uploads\/2025\/02\/cropped-site-id.png\",\"contentUrl\":\"https:\/\/papirusymm.com\/wp-content\/uploads\/2025\/02\/cropped-site-id.png\",\"width\":512,\"height\":512,\"caption\":\"Papir\u00fcs Yeminli Mali M\u00fc\u015favirlik\"},\"image\":{\"@id\":\"https:\/\/papirusymm.com\/#\/schema\/logo\/image\/\"}}]}<\/script>\n<!-- \/ Yoast SEO plugin. -->","yoast_head_json":{"title":"Vergi \u0130nceleme Dan\u0131\u015fmanl\u0131\u011f\u0131 Hizmetleri - Papir\u00fcs YMM","robots":{"index":"index","follow":"follow","max-snippet":"max-snippet:-1","max-image-preview":"max-image-preview:large","max-video-preview":"max-video-preview:-1"},"canonical":"https:\/\/papirusymm.com\/index.php\/vergi-inceleme-danismanligi\/","og_locale":"tr_TR","og_type":"article","og_title":"Vergi \u0130nceleme Dan\u0131\u015fmanl\u0131\u011f\u0131 Hizmetleri - Papir\u00fcs YMM","og_description":"\u2726 Hizmetlerimiz Vergi \u0130nceleme Dan\u0131\u015fmanl\u0131\u011f\u0131 Hizmetleri Vergi \u0130nceleme Dan\u0131\u015fmanl\u0131\u011f\u0131 Hizmeti,\u00a0i\u015fletmelerin vergi incelemeleri s\u00fcrecinde g\u00fcvenilir bir dan\u0131\u015fmanl\u0131k hizmeti alarak, vergi y\u00fck\u00fcml\u00fcl\u00fcklerini eksiksiz ve do\u011fru bir \u015fekilde yerine getirmelerini sa\u011flar. Bu hizmetle, i\u015fletmelerin vergi risklerini minimize etmeleri ve vergi mevzuat\u0131na tam uyum sa\u011flamalar\u0131 hedeflenir. \u2726 Hizmetlerimiz Vergi \u0130nceleme Dan\u0131\u015fmanl\u0131\u011f\u0131 Hizmetleri Vergi \u0130nceleme Dan\u0131\u015fmanl\u0131\u011f\u0131 Hizmeti,\u00a0i\u015fletmelerin vergi incelemeleri s\u00fcrecinde [&hellip;]","og_url":"https:\/\/papirusymm.com\/index.php\/vergi-inceleme-danismanligi\/","og_site_name":"Papir\u00fcs YMM","article_modified_time":"2025-02-21T11:32:58+00:00","og_image":[{"width":3000,"height":2901,"url":"https:\/\/papirusymm.com\/wp-content\/uploads\/2025\/02\/3@3x.png","type":"image\/png"}],"twitter_card":"summary_large_image","twitter_misc":{"Tahmini okuma s\u00fcresi":"1 dakika"},"schema":{"@context":"https:\/\/schema.org","@graph":[{"@type":"WebPage","@id":"https:\/\/papirusymm.com\/index.php\/vergi-inceleme-danismanligi\/","url":"https:\/\/papirusymm.com\/index.php\/vergi-inceleme-danismanligi\/","name":"Vergi \u0130nceleme Dan\u0131\u015fmanl\u0131\u011f\u0131 Hizmetleri - Papir\u00fcs YMM","isPartOf":{"@id":"https:\/\/papirusymm.com\/#website"},"primaryImageOfPage":{"@id":"https:\/\/papirusymm.com\/index.php\/vergi-inceleme-danismanligi\/#primaryimage"},"image":{"@id":"https:\/\/papirusymm.com\/index.php\/vergi-inceleme-danismanligi\/#primaryimage"},"thumbnailUrl":"https:\/\/papirusymm.com\/wp-content\/uploads\/2025\/02\/3@3x.png","datePublished":"2025-02-10T14:50:12+00:00","dateModified":"2025-02-21T11:32:58+00:00","breadcrumb":{"@id":"https:\/\/papirusymm.com\/index.php\/vergi-inceleme-danismanligi\/#breadcrumb"},"inLanguage":"tr","potentialAction":[{"@type":"ReadAction","target":["https:\/\/papirusymm.com\/index.php\/vergi-inceleme-danismanligi\/"]}]},{"@type":"ImageObject","inLanguage":"tr","@id":"https:\/\/papirusymm.com\/index.php\/vergi-inceleme-danismanligi\/#primaryimage","url":"https:\/\/papirusymm.com\/wp-content\/uploads\/2025\/02\/3@3x.png","contentUrl":"https:\/\/papirusymm.com\/wp-content\/uploads\/2025\/02\/3@3x.png","width":3000,"height":2901,"caption":"Vergi \u0130nceleme Dan\u0131\u015fmanl\u0131\u011f\u0131 Hizmetleri"},{"@type":"BreadcrumbList","@id":"https:\/\/papirusymm.com\/index.php\/vergi-inceleme-danismanligi\/#breadcrumb","itemListElement":[{"@type":"ListItem","position":1,"name":"Anasayfa","item":"https:\/\/papirusymm.com\/"},{"@type":"ListItem","position":2,"name":"Vergi \u0130nceleme Dan\u0131\u015fmanl\u0131\u011f\u0131 Hizmetleri"}]},{"@type":"WebSite","@id":"https:\/\/papirusymm.com\/#website","url":"https:\/\/papirusymm.com\/","name":"Papir\u00fcs YMM","description":"Papir\u00fcs Yeminli Mali M\u00fc\u015favirlik A\u015e","publisher":{"@id":"https:\/\/papirusymm.com\/#organization"},"potentialAction":[{"@type":"SearchAction","target":{"@type":"EntryPoint","urlTemplate":"https:\/\/papirusymm.com\/?s={search_term_string}"},"query-input":{"@type":"PropertyValueSpecification","valueRequired":true,"valueName":"search_term_string"}}],"inLanguage":"tr"},{"@type":"Organization","@id":"https:\/\/papirusymm.com\/#organization","name":"Papir\u00fcs Yeminli Mali M\u00fc\u015favirlik","url":"https:\/\/papirusymm.com\/","logo":{"@type":"ImageObject","inLanguage":"tr","@id":"https:\/\/papirusymm.com\/#\/schema\/logo\/image\/","url":"https:\/\/papirusymm.com\/wp-content\/uploads\/2025\/02\/cropped-site-id.png","contentUrl":"https:\/\/papirusymm.com\/wp-content\/uploads\/2025\/02\/cropped-site-id.png","width":512,"height":512,"caption":"Papir\u00fcs Yeminli Mali M\u00fc\u015favirlik"},"image":{"@id":"https:\/\/papirusymm.com\/#\/schema\/logo\/image\/"}}]}},"_links":{"self":[{"href":"https:\/\/papirusymm.com\/index.php\/wp-json\/wp\/v2\/pages\/4915","targetHints":{"allow":["GET"]}}],"collection":[{"href":"https:\/\/papirusymm.com\/index.php\/wp-json\/wp\/v2\/pages"}],"about":[{"href":"https:\/\/papirusymm.com\/index.php\/wp-json\/wp\/v2\/types\/page"}],"author":[{"embeddable":true,"href":"https:\/\/papirusymm.com\/index.php\/wp-json\/wp\/v2\/users\/1"}],"replies":[{"embeddable":true,"href":"https:\/\/papirusymm.com\/index.php\/wp-json\/wp\/v2\/comments?post=4915"}],"version-history":[{"count":55,"href":"https:\/\/papirusymm.com\/index.php\/wp-json\/wp\/v2\/pages\/4915\/revisions"}],"predecessor-version":[{"id":6575,"href":"https:\/\/papirusymm.com\/index.php\/wp-json\/wp\/v2\/pages\/4915\/revisions\/6575"}],"wp:attachment":[{"href":"https:\/\/papirusymm.com\/index.php\/wp-json\/wp\/v2\/media?parent=4915"}],"curies":[{"name":"wp","href":"https:\/\/api.w.org\/{rel}","templated":true}]}}